{"id":1052,"date":"2020-11-24T17:21:27","date_gmt":"2020-11-24T17:21:27","guid":{"rendered":"https:\/\/pannoniaparketta.hu\/mardegan\/?page_id=1052"},"modified":"2021-07-26T09:39:52","modified_gmt":"2021-07-26T09:39:52","slug":"paris-mon-amour","status":"publish","type":"page","link":"https:\/\/pannoniaparketta.hu\/mardegan\/kollekciok\/paris-mon-amour\/","title":{"rendered":"PARIS MON AMOUR"},"content":{"rendered":"\t\t<div data-elementor-type=\"wp-page\" data-elementor-id=\"1052\" class=\"elementor elementor-1052\" data-elementor-settings=\"[]\">\n\t\t\t\t\t\t<div class=\"elementor-inner\">\n\t\t\t\t\t\t\t<div class=\"elementor-section-wrap\">\n\t\t\t\t\t\t\t<section class=\"elementor-section elementor-top-section elementor-element elementor-element-37d2a4f elementor-section-height-min-height elementor-section-content-bottom elementor-section-items-bottom elementor-section-boxed elementor-section-height-default\" data-id=\"37d2a4f\" data-element_type=\"section\" data-settings=\"{&quot;background_background&quot;:&quot;classic&quot;}\">\n\t\t\t\t\t\t\t<div class=\"elementor-background-overlay\"><\/div>\n\t\t\t\t\t\t\t<div class=\"elementor-container elementor-column-gap-no\">\n\t\t\t\t\t\t\t<div class=\"elementor-row\">\n\t\t\t\t\t<div class=\"elementor-column elementor-col-100 elementor-top-column elementor-element elementor-element-559220c\" data-id=\"559220c\" data-element_type=\"column\">\n\t\t\t<div class=\"elementor-column-wrap elementor-element-populated\">\n\t\t\t\t\t\t\t<div class=\"elementor-widget-wrap\">\n\t\t\t\t\t\t<div class=\"elementor-element elementor-element-78206bf elementor-widget elementor-widget-heading\" data-id=\"78206bf\" data-element_type=\"widget\" data-widget_type=\"heading.default\">\n\t\t\t\t<div class=\"elementor-widget-container\">\n\t\t\t<h1 class=\"elementor-heading-title elementor-size-default\">PARIS MON AMOUR<\/h1>\t\t<\/div>\n\t\t\t\t<\/div>\n\t\t\t\t\t\t<\/div>\n\t\t\t\t\t<\/div>\n\t\t<\/div>\n\t\t\t\t\t\t\t\t<\/div>\n\t\t\t\t\t<\/div>\n\t\t<\/section>\n\t\t\t\t<section class=\"elementor-section elementor-top-section elementor-element elementor-element-18aad14 elementor-section-full_width elementor-section-height-default elementor-section-height-default\" data-id=\"18aad14\" data-element_type=\"section\">\n\t\t\t\t\t\t<div class=\"elementor-container elementor-column-gap-default\">\n\t\t\t\t\t\t\t<div class=\"elementor-row\">\n\t\t\t\t\t<div class=\"elementor-column elementor-col-100 elementor-top-column elementor-element elementor-element-55a8820\" data-id=\"55a8820\" data-element_type=\"column\">\n\t\t\t<div class=\"elementor-column-wrap elementor-element-populated\">\n\t\t\t\t\t\t\t<div class=\"elementor-widget-wrap\">\n\t\t\t\t\t\t<div class=\"elementor-element elementor-element-35ebfb1 elementor-widget elementor-widget-text-editor\" data-id=\"35ebfb1\" data-element_type=\"widget\" data-widget_type=\"text-editor.default\">\n\t\t\t\t<div class=\"elementor-widget-container\">\n\t\t\t\t\t<div class=\"elementor-text-editor elementor-clearfix\"><font color=\"#ddd3cb\" face=\"Cormorant, serif\"><span style=\"caret-color: rgb(221, 211, 203); font-size: 280px;\">7<\/span><\/font>&nbsp;<h1 style=\"display: inline; color: #413b39; text-align: left;\">sz\u00edn<\/h1><\/div>\n\t\t\t\t<\/div>\n\t\t\t\t<\/div>\n\t\t\t\t\t\t<\/div>\n\t\t\t\t\t<\/div>\n\t\t<\/div>\n\t\t\t\t\t\t\t\t<\/div>\n\t\t\t\t\t<\/div>\n\t\t<\/section>\n\t\t\t\t<section class=\"elementor-section elementor-top-section elementor-element elementor-element-55ee037 elementor-section-full_width elementor-section-height-default elementor-section-height-default\" data-id=\"55ee037\" data-element_type=\"section\" data-settings=\"{&quot;background_background&quot;:&quot;classic&quot;}\">\n\t\t\t\t\t\t<div class=\"elementor-container elementor-column-gap-default\">\n\t\t\t\t\t\t\t<div class=\"elementor-row\">\n\t\t\t\t\t<div class=\"elementor-column elementor-col-33 elementor-top-column elementor-element elementor-element-5ced5fa\" data-id=\"5ced5fa\" data-element_type=\"column\">\n\t\t\t<div class=\"elementor-column-wrap elementor-element-populated\">\n\t\t\t\t\t\t\t<div class=\"elementor-widget-wrap\">\n\t\t\t\t\t\t<div class=\"elementor-element elementor-element-ae40c82 elementor-widget elementor-widget-image\" data-id=\"ae40c82\" data-element_type=\"widget\" data-widget_type=\"image.default\">\n\t\t\t\t<div class=\"elementor-widget-container\">\n\t\t\t\t\t<div class=\"elementor-image\">\n\t\t\t\t\t\t\t<figure class=\"wp-caption\">\n\t\t\t\t\t\t\t\t\t\t\t<a href=\"https:\/\/pannoniaparketta.hu\/mardegan\/wp-content\/uploads\/2020\/11\/NOTRE-DAME.jpg\" data-elementor-open-lightbox=\"yes\" data-elementor-lightbox-title=\"NOTRE DAME\">\n\t\t\t\t\t\t\t<img width=\"128\" height=\"300\" src=\"https:\/\/pannoniaparketta.hu\/mardegan\/wp-content\/uploads\/2020\/11\/NOTRE-DAME-128x300.jpg\" class=\"attachment-medium size-medium\" alt=\"\" loading=\"lazy\" srcset=\"https:\/\/pannoniaparketta.hu\/mardegan\/wp-content\/uploads\/2020\/11\/NOTRE-DAME-128x300.jpg 128w, https:\/\/pannoniaparketta.hu\/mardegan\/wp-content\/uploads\/2020\/11\/NOTRE-DAME-438x1024.jpg 438w, https:\/\/pannoniaparketta.hu\/mardegan\/wp-content\/uploads\/2020\/11\/NOTRE-DAME-768x1796.jpg 768w, https:\/\/pannoniaparketta.hu\/mardegan\/wp-content\/uploads\/2020\/11\/NOTRE-DAME-657x1536.jpg 657w, https:\/\/pannoniaparketta.hu\/mardegan\/wp-content\/uploads\/2020\/11\/NOTRE-DAME.jpg 821w\" sizes=\"(max-width: 128px) 100vw, 128px\" \/>\t\t\t\t\t\t\t\t<\/a>\n\t\t\t\t\t\t\t\t\t\t\t<figcaption class=\"widget-image-caption wp-caption-text\">NOTRE DAME<\/figcaption>\n\t\t\t\t\t\t\t\t\t\t<\/figure>\n\t\t\t\t\t<\/div>\n\t\t\t\t<\/div>\n\t\t\t\t<\/div>\n\t\t\t\t\t\t<\/div>\n\t\t\t\t\t<\/div>\n\t\t<\/div>\n\t\t\t\t<div class=\"elementor-column elementor-col-33 elementor-top-column elementor-element elementor-element-18d88bd\" data-id=\"18d88bd\" data-element_type=\"column\">\n\t\t\t<div class=\"elementor-column-wrap elementor-element-populated\">\n\t\t\t\t\t\t\t<div class=\"elementor-widget-wrap\">\n\t\t\t\t\t\t<div class=\"elementor-element elementor-element-9abea45 elementor-widget elementor-widget-image\" data-id=\"9abea45\" data-element_type=\"widget\" data-widget_type=\"image.default\">\n\t\t\t\t<div class=\"elementor-widget-container\">\n\t\t\t\t\t<div class=\"elementor-image\">\n\t\t\t\t\t\t\t<figure class=\"wp-caption\">\n\t\t\t\t\t\t\t\t\t\t\t<a href=\"https:\/\/pannoniaparketta.hu\/mardegan\/wp-content\/uploads\/2020\/11\/MOULIN-ROUGE.jpg\" data-elementor-open-lightbox=\"yes\" data-elementor-lightbox-title=\"MOULIN ROUGE\">\n\t\t\t\t\t\t\t<img width=\"128\" height=\"300\" src=\"https:\/\/pannoniaparketta.hu\/mardegan\/wp-content\/uploads\/2020\/11\/MOULIN-ROUGE-128x300.jpg\" class=\"attachment-medium size-medium\" alt=\"\" loading=\"lazy\" srcset=\"https:\/\/pannoniaparketta.hu\/mardegan\/wp-content\/uploads\/2020\/11\/MOULIN-ROUGE-128x300.jpg 128w, https:\/\/pannoniaparketta.hu\/mardegan\/wp-content\/uploads\/2020\/11\/MOULIN-ROUGE-438x1024.jpg 438w, https:\/\/pannoniaparketta.hu\/mardegan\/wp-content\/uploads\/2020\/11\/MOULIN-ROUGE-768x1796.jpg 768w, https:\/\/pannoniaparketta.hu\/mardegan\/wp-content\/uploads\/2020\/11\/MOULIN-ROUGE-657x1536.jpg 657w, https:\/\/pannoniaparketta.hu\/mardegan\/wp-content\/uploads\/2020\/11\/MOULIN-ROUGE.jpg 821w\" sizes=\"(max-width: 128px) 100vw, 128px\" \/>\t\t\t\t\t\t\t\t<\/a>\n\t\t\t\t\t\t\t\t\t\t\t<figcaption class=\"widget-image-caption wp-caption-text\">MOULIN ROUGE<\/figcaption>\n\t\t\t\t\t\t\t\t\t\t<\/figure>\n\t\t\t\t\t<\/div>\n\t\t\t\t<\/div>\n\t\t\t\t<\/div>\n\t\t\t\t\t\t<\/div>\n\t\t\t\t\t<\/div>\n\t\t<\/div>\n\t\t\t\t<div class=\"elementor-column elementor-col-33 elementor-top-column elementor-element elementor-element-4f74459\" data-id=\"4f74459\" data-element_type=\"column\">\n\t\t\t<div class=\"elementor-column-wrap elementor-element-populated\">\n\t\t\t\t\t\t\t<div class=\"elementor-widget-wrap\">\n\t\t\t\t\t\t<div class=\"elementor-element elementor-element-7cf0595 elementor-widget elementor-widget-image\" data-id=\"7cf0595\" data-element_type=\"widget\" data-widget_type=\"image.default\">\n\t\t\t\t<div class=\"elementor-widget-container\">\n\t\t\t\t\t<div class=\"elementor-image\">\n\t\t\t\t\t\t\t<figure class=\"wp-caption\">\n\t\t\t\t\t\t\t\t\t\t\t<a href=\"https:\/\/pannoniaparketta.hu\/mardegan\/wp-content\/uploads\/2020\/11\/MONTMARTRE.jpg\" data-elementor-open-lightbox=\"yes\" data-elementor-lightbox-title=\"MONTMARTRE\">\n\t\t\t\t\t\t\t<img width=\"128\" height=\"300\" src=\"https:\/\/pannoniaparketta.hu\/mardegan\/wp-content\/uploads\/2020\/11\/MONTMARTRE-128x300.jpg\" class=\"attachment-medium size-medium\" alt=\"\" loading=\"lazy\" srcset=\"https:\/\/pannoniaparketta.hu\/mardegan\/wp-content\/uploads\/2020\/11\/MONTMARTRE-128x300.jpg 128w, https:\/\/pannoniaparketta.hu\/mardegan\/wp-content\/uploads\/2020\/11\/MONTMARTRE-438x1024.jpg 438w, https:\/\/pannoniaparketta.hu\/mardegan\/wp-content\/uploads\/2020\/11\/MONTMARTRE-768x1796.jpg 768w, https:\/\/pannoniaparketta.hu\/mardegan\/wp-content\/uploads\/2020\/11\/MONTMARTRE-657x1536.jpg 657w, https:\/\/pannoniaparketta.hu\/mardegan\/wp-content\/uploads\/2020\/11\/MONTMARTRE.jpg 821w\" sizes=\"(max-width: 128px) 100vw, 128px\" \/>\t\t\t\t\t\t\t\t<\/a>\n\t\t\t\t\t\t\t\t\t\t\t<figcaption class=\"widget-image-caption wp-caption-text\">MONTMARTRE<\/figcaption>\n\t\t\t\t\t\t\t\t\t\t<\/figure>\n\t\t\t\t\t<\/div>\n\t\t\t\t<\/div>\n\t\t\t\t<\/div>\n\t\t\t\t\t\t<\/div>\n\t\t\t\t\t<\/div>\n\t\t<\/div>\n\t\t\t\t\t\t\t\t<\/div>\n\t\t\t\t\t<\/div>\n\t\t<\/section>\n\t\t\t\t<section class=\"elementor-section elementor-top-section elementor-element elementor-element-1d02594 elementor-section-full_width elementor-section-height-default elementor-section-height-default\" data-id=\"1d02594\" data-element_type=\"section\">\n\t\t\t\t\t\t<div class=\"elementor-container elementor-column-gap-default\">\n\t\t\t\t\t\t\t<div class=\"elementor-row\">\n\t\t\t\t\t<div class=\"elementor-column elementor-col-25 elementor-top-column elementor-element elementor-element-a039902\" data-id=\"a039902\" data-element_type=\"column\">\n\t\t\t<div class=\"elementor-column-wrap elementor-element-populated\">\n\t\t\t\t\t\t\t<div class=\"elementor-widget-wrap\">\n\t\t\t\t\t\t<div class=\"elementor-element elementor-element-56e216e elementor-widget elementor-widget-image\" data-id=\"56e216e\" data-element_type=\"widget\" data-widget_type=\"image.default\">\n\t\t\t\t<div class=\"elementor-widget-container\">\n\t\t\t\t\t<div class=\"elementor-image\">\n\t\t\t\t\t\t\t<figure class=\"wp-caption\">\n\t\t\t\t\t\t\t\t\t\t\t<a href=\"https:\/\/pannoniaparketta.hu\/mardegan\/wp-content\/uploads\/2020\/11\/LOUVRE.jpg\" data-elementor-open-lightbox=\"yes\" data-elementor-lightbox-title=\"LOUVRE\">\n\t\t\t\t\t\t\t<img width=\"128\" height=\"300\" src=\"https:\/\/pannoniaparketta.hu\/mardegan\/wp-content\/uploads\/2020\/11\/LOUVRE-128x300.jpg\" class=\"attachment-medium size-medium\" alt=\"\" loading=\"lazy\" srcset=\"https:\/\/pannoniaparketta.hu\/mardegan\/wp-content\/uploads\/2020\/11\/LOUVRE-128x300.jpg 128w, https:\/\/pannoniaparketta.hu\/mardegan\/wp-content\/uploads\/2020\/11\/LOUVRE-438x1024.jpg 438w, https:\/\/pannoniaparketta.hu\/mardegan\/wp-content\/uploads\/2020\/11\/LOUVRE-768x1796.jpg 768w, https:\/\/pannoniaparketta.hu\/mardegan\/wp-content\/uploads\/2020\/11\/LOUVRE-657x1536.jpg 657w, https:\/\/pannoniaparketta.hu\/mardegan\/wp-content\/uploads\/2020\/11\/LOUVRE.jpg 821w\" sizes=\"(max-width: 128px) 100vw, 128px\" \/>\t\t\t\t\t\t\t\t<\/a>\n\t\t\t\t\t\t\t\t\t\t\t<figcaption class=\"widget-image-caption wp-caption-text\">LOUVRE<\/figcaption>\n\t\t\t\t\t\t\t\t\t\t<\/figure>\n\t\t\t\t\t<\/div>\n\t\t\t\t<\/div>\n\t\t\t\t<\/div>\n\t\t\t\t\t\t<\/div>\n\t\t\t\t\t<\/div>\n\t\t<\/div>\n\t\t\t\t<div class=\"elementor-column elementor-col-25 elementor-top-column elementor-element elementor-element-3fbaf3d\" data-id=\"3fbaf3d\" data-element_type=\"column\">\n\t\t\t<div class=\"elementor-column-wrap elementor-element-populated\">\n\t\t\t\t\t\t\t<div class=\"elementor-widget-wrap\">\n\t\t\t\t\t\t<div class=\"elementor-element elementor-element-c561a44 elementor-widget elementor-widget-image\" data-id=\"c561a44\" data-element_type=\"widget\" data-widget_type=\"image.default\">\n\t\t\t\t<div class=\"elementor-widget-container\">\n\t\t\t\t\t<div class=\"elementor-image\">\n\t\t\t\t\t\t\t<figure class=\"wp-caption\">\n\t\t\t\t\t\t\t\t\t\t\t<a href=\"https:\/\/pannoniaparketta.hu\/mardegan\/wp-content\/uploads\/2020\/11\/LE-MARAIS-rotated.jpg\" data-elementor-open-lightbox=\"yes\" data-elementor-lightbox-title=\"LE MARAIS\">\n\t\t\t\t\t\t\t<img width=\"130\" height=\"300\" src=\"https:\/\/pannoniaparketta.hu\/mardegan\/wp-content\/uploads\/2020\/11\/LE-MARAIS-130x300.jpg\" class=\"attachment-medium size-medium\" alt=\"\" loading=\"lazy\" srcset=\"https:\/\/pannoniaparketta.hu\/mardegan\/wp-content\/uploads\/2020\/11\/LE-MARAIS-130x300.jpg 130w, https:\/\/pannoniaparketta.hu\/mardegan\/wp-content\/uploads\/2020\/11\/LE-MARAIS-443x1024.jpg 443w, https:\/\/pannoniaparketta.hu\/mardegan\/wp-content\/uploads\/2020\/11\/LE-MARAIS-768x1777.jpg 768w, https:\/\/pannoniaparketta.hu\/mardegan\/wp-content\/uploads\/2020\/11\/LE-MARAIS-664x1536.jpg 664w, https:\/\/pannoniaparketta.hu\/mardegan\/wp-content\/uploads\/2020\/11\/LE-MARAIS-rotated.jpg 830w\" sizes=\"(max-width: 130px) 100vw, 130px\" \/>\t\t\t\t\t\t\t\t<\/a>\n\t\t\t\t\t\t\t\t\t\t\t<figcaption class=\"widget-image-caption wp-caption-text\">LE MARAIS<\/figcaption>\n\t\t\t\t\t\t\t\t\t\t<\/figure>\n\t\t\t\t\t<\/div>\n\t\t\t\t<\/div>\n\t\t\t\t<\/div>\n\t\t\t\t\t\t<\/div>\n\t\t\t\t\t<\/div>\n\t\t<\/div>\n\t\t\t\t<div class=\"elementor-column elementor-col-25 elementor-top-column elementor-element elementor-element-c3329d6\" data-id=\"c3329d6\" data-element_type=\"column\">\n\t\t\t<div class=\"elementor-column-wrap elementor-element-populated\">\n\t\t\t\t\t\t\t<div class=\"elementor-widget-wrap\">\n\t\t\t\t\t\t<div class=\"elementor-element elementor-element-65e3c42 elementor-widget elementor-widget-image\" data-id=\"65e3c42\" data-element_type=\"widget\" data-widget_type=\"image.default\">\n\t\t\t\t<div class=\"elementor-widget-container\">\n\t\t\t\t\t<div class=\"elementor-image\">\n\t\t\t\t\t\t\t<figure class=\"wp-caption\">\n\t\t\t\t\t\t\t\t\t\t\t<a href=\"https:\/\/pannoniaparketta.hu\/mardegan\/wp-content\/uploads\/2020\/11\/LE-CHAT-NOIR.jpg\" data-elementor-open-lightbox=\"yes\" data-elementor-lightbox-title=\"LE CHAT NOIR\">\n\t\t\t\t\t\t\t<img width=\"128\" height=\"300\" src=\"https:\/\/pannoniaparketta.hu\/mardegan\/wp-content\/uploads\/2020\/11\/LE-CHAT-NOIR-128x300.jpg\" class=\"attachment-medium size-medium\" alt=\"\" loading=\"lazy\" srcset=\"https:\/\/pannoniaparketta.hu\/mardegan\/wp-content\/uploads\/2020\/11\/LE-CHAT-NOIR-128x300.jpg 128w, https:\/\/pannoniaparketta.hu\/mardegan\/wp-content\/uploads\/2020\/11\/LE-CHAT-NOIR-438x1024.jpg 438w, https:\/\/pannoniaparketta.hu\/mardegan\/wp-content\/uploads\/2020\/11\/LE-CHAT-NOIR-768x1796.jpg 768w, https:\/\/pannoniaparketta.hu\/mardegan\/wp-content\/uploads\/2020\/11\/LE-CHAT-NOIR-657x1536.jpg 657w, https:\/\/pannoniaparketta.hu\/mardegan\/wp-content\/uploads\/2020\/11\/LE-CHAT-NOIR.jpg 821w\" sizes=\"(max-width: 128px) 100vw, 128px\" \/>\t\t\t\t\t\t\t\t<\/a>\n\t\t\t\t\t\t\t\t\t\t\t<figcaption class=\"widget-image-caption wp-caption-text\">LE CHAT NOIR<\/figcaption>\n\t\t\t\t\t\t\t\t\t\t<\/figure>\n\t\t\t\t\t<\/div>\n\t\t\t\t<\/div>\n\t\t\t\t<\/div>\n\t\t\t\t\t\t<\/div>\n\t\t\t\t\t<\/div>\n\t\t<\/div>\n\t\t\t\t<div class=\"elementor-column elementor-col-25 elementor-top-column elementor-element elementor-element-83f0935\" data-id=\"83f0935\" data-element_type=\"column\">\n\t\t\t<div class=\"elementor-column-wrap elementor-element-populated\">\n\t\t\t\t\t\t\t<div class=\"elementor-widget-wrap\">\n\t\t\t\t\t\t<div class=\"elementor-element elementor-element-c415ca1 elementor-widget elementor-widget-image\" data-id=\"c415ca1\" data-element_type=\"widget\" data-widget_type=\"image.default\">\n\t\t\t\t<div class=\"elementor-widget-container\">\n\t\t\t\t\t<div class=\"elementor-image\">\n\t\t\t\t\t\t\t<figure class=\"wp-caption\">\n\t\t\t\t\t\t\t\t\t\t\t<a href=\"https:\/\/pannoniaparketta.hu\/mardegan\/wp-content\/uploads\/2020\/11\/BASTILLE.jpg\" data-elementor-open-lightbox=\"yes\" data-elementor-lightbox-title=\"BASTILLE\">\n\t\t\t\t\t\t\t<img width=\"128\" height=\"300\" src=\"https:\/\/pannoniaparketta.hu\/mardegan\/wp-content\/uploads\/2020\/11\/BASTILLE-128x300.jpg\" class=\"attachment-medium size-medium\" alt=\"\" loading=\"lazy\" srcset=\"https:\/\/pannoniaparketta.hu\/mardegan\/wp-content\/uploads\/2020\/11\/BASTILLE-128x300.jpg 128w, https:\/\/pannoniaparketta.hu\/mardegan\/wp-content\/uploads\/2020\/11\/BASTILLE-438x1024.jpg 438w, https:\/\/pannoniaparketta.hu\/mardegan\/wp-content\/uploads\/2020\/11\/BASTILLE-768x1796.jpg 768w, https:\/\/pannoniaparketta.hu\/mardegan\/wp-content\/uploads\/2020\/11\/BASTILLE-657x1536.jpg 657w, https:\/\/pannoniaparketta.hu\/mardegan\/wp-content\/uploads\/2020\/11\/BASTILLE.jpg 821w\" sizes=\"(max-width: 128px) 100vw, 128px\" \/>\t\t\t\t\t\t\t\t<\/a>\n\t\t\t\t\t\t\t\t\t\t\t<figcaption class=\"widget-image-caption wp-caption-text\">BASTILLE<\/figcaption>\n\t\t\t\t\t\t\t\t\t\t<\/figure>\n\t\t\t\t\t<\/div>\n\t\t\t\t<\/div>\n\t\t\t\t<\/div>\n\t\t\t\t\t\t<\/div>\n\t\t\t\t\t<\/div>\n\t\t<\/div>\n\t\t\t\t\t\t\t\t<\/div>\n\t\t\t\t\t<\/div>\n\t\t<\/section>\n\t\t\t\t<section class=\"elementor-section elementor-top-section elementor-element elementor-element-866d22f elementor-section-full_width elementor-section-height-default elementor-section-height-default\" data-id=\"866d22f\" data-element_type=\"section\">\n\t\t\t\t\t\t<div class=\"elementor-container elementor-column-gap-default\">\n\t\t\t\t\t\t\t<div class=\"elementor-row\">\n\t\t\t\t\t<div class=\"elementor-column elementor-col-100 elementor-top-column elementor-element elementor-element-6819d4f\" data-id=\"6819d4f\" data-element_type=\"column\">\n\t\t\t<div class=\"elementor-column-wrap elementor-element-populated\">\n\t\t\t\t\t\t\t<div class=\"elementor-widget-wrap\">\n\t\t\t\t\t\t<div class=\"elementor-element elementor-element-bbd7557 elementor-widget elementor-widget-gallery\" data-id=\"bbd7557\" data-element_type=\"widget\" data-settings=\"{&quot;columns&quot;:3,&quot;columns_tablet&quot;:3,&quot;columns_mobile&quot;:3,&quot;gap&quot;:{&quot;unit&quot;:&quot;px&quot;,&quot;size&quot;:11,&quot;sizes&quot;:[]},&quot;aspect_ratio&quot;:&quot;9:16&quot;,&quot;lazyload&quot;:&quot;yes&quot;,&quot;gallery_layout&quot;:&quot;grid&quot;,&quot;gap_tablet&quot;:{&quot;unit&quot;:&quot;px&quot;,&quot;size&quot;:10,&quot;sizes&quot;:[]},&quot;gap_mobile&quot;:{&quot;unit&quot;:&quot;px&quot;,&quot;size&quot;:10,&quot;sizes&quot;:[]},&quot;overlay_background&quot;:&quot;yes&quot;,&quot;content_hover_animation&quot;:&quot;fade-in&quot;}\" data-widget_type=\"gallery.default\">\n\t\t\t\t<div class=\"elementor-widget-container\">\n\t\t\t\t\t<div class=\"elementor-gallery__container\">\n\t\t\t\t\t\t\t<div class=\"e-gallery-item elementor-gallery-item elementor-animated-content\">\n\t\t\t\t\t<div class=\"e-gallery-image elementor-gallery-item__image\" data-thumbnail=\"https:\/\/pannoniaparketta.hu\/mardegan\/wp-content\/uploads\/2020\/11\/Paris_Mon_Amour_06_DSC2945.jpg\" data-width=\"1080\" data-height=\"1618\" alt=\"\" ><\/div>\n\t\t\t\t\t\t\t\t\t\t<div class=\"elementor-gallery-item__overlay\"><\/div>\n\t\t\t\t\t\t\t\t\t\t\t\t\t\t<\/div>\n\t\t\t\t\t\t\t<div class=\"e-gallery-item elementor-gallery-item elementor-animated-content\">\n\t\t\t\t\t<div class=\"e-gallery-image elementor-gallery-item__image\" data-thumbnail=\"https:\/\/pannoniaparketta.hu\/mardegan\/wp-content\/uploads\/2020\/11\/Paris_Mon_Amour_11_DSC2966.jpg\" data-width=\"1080\" data-height=\"1618\" alt=\"\" ><\/div>\n\t\t\t\t\t\t\t\t\t\t<div class=\"elementor-gallery-item__overlay\"><\/div>\n\t\t\t\t\t\t\t\t\t\t\t\t\t\t<\/div>\n\t\t\t\t\t\t\t<div class=\"e-gallery-item elementor-gallery-item elementor-animated-content\">\n\t\t\t\t\t<div class=\"e-gallery-image elementor-gallery-item__image\" data-thumbnail=\"https:\/\/pannoniaparketta.hu\/mardegan\/wp-content\/uploads\/2020\/11\/Paris_Mon_Amour_04_DSC2931.jpg\" data-width=\"1080\" data-height=\"1618\" alt=\"\" ><\/div>\n\t\t\t\t\t\t\t\t\t\t<div class=\"elementor-gallery-item__overlay\"><\/div>\n\t\t\t\t\t\t\t\t\t\t\t\t\t\t<\/div>\n\t\t\t\t\t<\/div>\n\t\t\t<\/div>\n\t\t\t\t<\/div>\n\t\t\t\t\t\t<\/div>\n\t\t\t\t\t<\/div>\n\t\t<\/div>\n\t\t\t\t\t\t\t\t<\/div>\n\t\t\t\t\t<\/div>\n\t\t<\/section>\n\t\t\t\t\t\t<\/div>\n\t\t\t\t\t\t<\/div>\n\t\t\t\t\t<\/div>\n\t\t","protected":false},"excerpt":{"rendered":"<p>PARIS MON AMOUR 7&nbsp; sz\u00edn NOTRE DAME MOULIN ROUGE MONTMARTRE LOUVRE LE MARAIS LE CHAT NOIR BASTILLE<\/p>\n","protected":false},"author":1,"featured_media":0,"parent":363,"menu_order":0,"comment_status":"closed","ping_status":"closed","template":"","meta":[],"yoast_head":"<!-- This site is optimized with the Yoast SEO plugin v16.0.2 - https:\/\/yoast.com\/wordpress\/plugins\/seo\/ -->\n<title>PARIS MON AMOUR - Mardegan Legno<\/title>\n<link rel=\"canonical\" href=\"https:\/\/pannoniaparketta.hu\/mardegan\/kollekciok\/paris-mon-amour\/\" \/>\n<meta property=\"og:locale\" content=\"hu_HU\" \/>\n<meta property=\"og:type\" content=\"article\" \/>\n<meta property=\"og:title\" content=\"PARIS MON AMOUR - Mardegan Legno\" \/>\n<meta property=\"og:description\" content=\"PARIS MON AMOUR 7&nbsp; sz\u00edn NOTRE DAME MOULIN ROUGE MONTMARTRE LOUVRE LE MARAIS LE CHAT NOIR BASTILLE\" \/>\n<meta property=\"og:url\" content=\"https:\/\/pannoniaparketta.hu\/mardegan\/kollekciok\/paris-mon-amour\/\" \/>\n<meta property=\"og:site_name\" content=\"Mardegan Legno\" \/>\n<meta property=\"article:modified_time\" content=\"2021-07-26T09:39:52+00:00\" \/>\n<meta property=\"og:image\" content=\"https:\/\/pannoniaparketta.hu\/mardegan\/wp-content\/uploads\/2020\/11\/NOTRE-DAME-128x300.jpg\" \/>\n<meta name=\"twitter:card\" content=\"summary_large_image\" \/>\n<meta name=\"twitter:label1\" content=\"Becs\u00fclt olvas\u00e1si id\u0151\">\n\t<meta name=\"twitter:data1\" content=\"2 perc\">\n<script type=\"application\/ld+json\" class=\"yoast-schema-graph\">{\"@context\":\"https:\/\/schema.org\",\"@graph\":[{\"@type\":\"WebSite\",\"@id\":\"https:\/\/pannoniaparketta.hu\/mardegan\/#website\",\"url\":\"https:\/\/pannoniaparketta.hu\/mardegan\/\",\"name\":\"Mardegan Legno\",\"description\":\"Pannonia Parketta\",\"potentialAction\":[{\"@type\":\"SearchAction\",\"target\":\"https:\/\/pannoniaparketta.hu\/mardegan\/?s={search_term_string}\",\"query-input\":\"required name=search_term_string\"}],\"inLanguage\":\"hu\"},{\"@type\":\"ImageObject\",\"@id\":\"https:\/\/pannoniaparketta.hu\/mardegan\/kollekciok\/paris-mon-amour\/#primaryimage\",\"inLanguage\":\"hu\",\"url\":\"https:\/\/pannoniaparketta.hu\/mardegan\/wp-content\/uploads\/2020\/11\/NOTRE-DAME.jpg\",\"width\":821,\"height\":1920,\"caption\":\"NOTRE DAME\"},{\"@type\":\"WebPage\",\"@id\":\"https:\/\/pannoniaparketta.hu\/mardegan\/kollekciok\/paris-mon-amour\/#webpage\",\"url\":\"https:\/\/pannoniaparketta.hu\/mardegan\/kollekciok\/paris-mon-amour\/\",\"name\":\"PARIS MON AMOUR - Mardegan Legno\",\"isPartOf\":{\"@id\":\"https:\/\/pannoniaparketta.hu\/mardegan\/#website\"},\"primaryImageOfPage\":{\"@id\":\"https:\/\/pannoniaparketta.hu\/mardegan\/kollekciok\/paris-mon-amour\/#primaryimage\"},\"datePublished\":\"2020-11-24T17:21:27+00:00\",\"dateModified\":\"2021-07-26T09:39:52+00:00\",\"breadcrumb\":{\"@id\":\"https:\/\/pannoniaparketta.hu\/mardegan\/kollekciok\/paris-mon-amour\/#breadcrumb\"},\"inLanguage\":\"hu\",\"potentialAction\":[{\"@type\":\"ReadAction\",\"target\":[\"https:\/\/pannoniaparketta.hu\/mardegan\/kollekciok\/paris-mon-amour\/\"]}]},{\"@type\":\"BreadcrumbList\",\"@id\":\"https:\/\/pannoniaparketta.hu\/mardegan\/kollekciok\/paris-mon-amour\/#breadcrumb\",\"itemListElement\":[{\"@type\":\"ListItem\",\"position\":1,\"item\":{\"@type\":\"WebPage\",\"@id\":\"https:\/\/pannoniaparketta.hu\/mardegan\/\",\"url\":\"https:\/\/pannoniaparketta.hu\/mardegan\/\",\"name\":\"Home\"}},{\"@type\":\"ListItem\",\"position\":2,\"item\":{\"@type\":\"WebPage\",\"@id\":\"https:\/\/pannoniaparketta.hu\/mardegan\/kollekciok\/\",\"url\":\"https:\/\/pannoniaparketta.hu\/mardegan\/kollekciok\/\",\"name\":\"Kollekci\\u00f3k\"}},{\"@type\":\"ListItem\",\"position\":3,\"item\":{\"@type\":\"WebPage\",\"@id\":\"https:\/\/pannoniaparketta.hu\/mardegan\/kollekciok\/paris-mon-amour\/\",\"url\":\"https:\/\/pannoniaparketta.hu\/mardegan\/kollekciok\/paris-mon-amour\/\",\"name\":\"PARIS MON AMOUR\"}}]}]}<\/script>\n<!-- \/ Yoast SEO plugin. -->","_links":{"self":[{"href":"https:\/\/pannoniaparketta.hu\/mardegan\/wp-json\/wp\/v2\/pages\/1052"}],"collection":[{"href":"https:\/\/pannoniaparketta.hu\/mardegan\/wp-json\/wp\/v2\/pages"}],"about":[{"href":"https:\/\/pannoniaparketta.hu\/mardegan\/wp-json\/wp\/v2\/types\/page"}],"author":[{"embeddable":true,"href":"https:\/\/pannoniaparketta.hu\/mardegan\/wp-json\/wp\/v2\/users\/1"}],"replies":[{"embeddable":true,"href":"https:\/\/pannoniaparketta.hu\/mardegan\/wp-json\/wp\/v2\/comments?post=1052"}],"version-history":[{"count":28,"href":"https:\/\/pannoniaparketta.hu\/mardegan\/wp-json\/wp\/v2\/pages\/1052\/revisions"}],"predecessor-version":[{"id":2173,"href":"https:\/\/pannoniaparketta.hu\/mardegan\/wp-json\/wp\/v2\/pages\/1052\/revisions\/2173"}],"up":[{"embeddable":true,"href":"https:\/\/pannoniaparketta.hu\/mardegan\/wp-json\/wp\/v2\/pages\/363"}],"wp:attachment":[{"href":"https:\/\/pannoniaparketta.hu\/mardegan\/wp-json\/wp\/v2\/media?parent=1052"}],"curies":[{"name":"wp","href":"https:\/\/api.w.org\/{rel}","templated":true}]}}