{"id":1287,"date":"2020-11-24T19:17:28","date_gmt":"2020-11-24T19:17:28","guid":{"rendered":"https:\/\/pannoniaparketta.hu\/mardegan\/?page_id=1287"},"modified":"2021-07-26T09:55:05","modified_gmt":"2021-07-26T09:55:05","slug":"harmony-nature","status":"publish","type":"page","link":"https:\/\/pannoniaparketta.hu\/mardegan\/kollekciok\/harmony-nature\/","title":{"rendered":"HARMONY &#038; NATURE"},"content":{"rendered":"\t\t<div data-elementor-type=\"wp-page\" data-elementor-id=\"1287\" class=\"elementor elementor-1287\" data-elementor-settings=\"[]\">\n\t\t\t\t\t\t<div class=\"elementor-inner\">\n\t\t\t\t\t\t\t<div class=\"elementor-section-wrap\">\n\t\t\t\t\t\t\t<section class=\"elementor-section elementor-top-section elementor-element elementor-element-37d2a4f elementor-section-height-min-height elementor-section-content-bottom elementor-section-items-bottom elementor-section-boxed elementor-section-height-default\" data-id=\"37d2a4f\" data-element_type=\"section\" data-settings=\"{&quot;background_background&quot;:&quot;classic&quot;}\">\n\t\t\t\t\t\t\t<div class=\"elementor-background-overlay\"><\/div>\n\t\t\t\t\t\t\t<div class=\"elementor-container elementor-column-gap-no\">\n\t\t\t\t\t\t\t<div class=\"elementor-row\">\n\t\t\t\t\t<div class=\"elementor-column elementor-col-100 elementor-top-column elementor-element elementor-element-559220c\" data-id=\"559220c\" data-element_type=\"column\">\n\t\t\t<div class=\"elementor-column-wrap elementor-element-populated\">\n\t\t\t\t\t\t\t<div class=\"elementor-widget-wrap\">\n\t\t\t\t\t\t<div class=\"elementor-element elementor-element-78206bf elementor-widget elementor-widget-heading\" data-id=\"78206bf\" data-element_type=\"widget\" data-widget_type=\"heading.default\">\n\t\t\t\t<div class=\"elementor-widget-container\">\n\t\t\t<h1 class=\"elementor-heading-title elementor-size-default\">HARMONY & NATURE<\/h1>\t\t<\/div>\n\t\t\t\t<\/div>\n\t\t\t\t\t\t<\/div>\n\t\t\t\t\t<\/div>\n\t\t<\/div>\n\t\t\t\t\t\t\t\t<\/div>\n\t\t\t\t\t<\/div>\n\t\t<\/section>\n\t\t\t\t<section class=\"elementor-section elementor-top-section elementor-element elementor-element-18aad14 elementor-section-full_width elementor-section-height-default elementor-section-height-default\" data-id=\"18aad14\" data-element_type=\"section\">\n\t\t\t\t\t\t<div class=\"elementor-container elementor-column-gap-default\">\n\t\t\t\t\t\t\t<div class=\"elementor-row\">\n\t\t\t\t\t<div class=\"elementor-column elementor-col-100 elementor-top-column elementor-element elementor-element-55a8820\" data-id=\"55a8820\" data-element_type=\"column\">\n\t\t\t<div class=\"elementor-column-wrap elementor-element-populated\">\n\t\t\t\t\t\t\t<div class=\"elementor-widget-wrap\">\n\t\t\t\t\t\t<div class=\"elementor-element elementor-element-35ebfb1 elementor-widget elementor-widget-text-editor\" data-id=\"35ebfb1\" data-element_type=\"widget\" data-widget_type=\"text-editor.default\">\n\t\t\t\t<div class=\"elementor-widget-container\">\n\t\t\t\t\t<div class=\"elementor-text-editor elementor-clearfix\"><h1 style=\"display: inline; font-size: 20em; text-align: left;\"><span style=\"color: #ddd3cb;\">8<\/span><\/h1>\n<h1 style=\"display: inline; color: #413b39; text-align: left;\">sz\u00edn<\/h1><\/div>\n\t\t\t\t<\/div>\n\t\t\t\t<\/div>\n\t\t\t\t\t\t<\/div>\n\t\t\t\t\t<\/div>\n\t\t<\/div>\n\t\t\t\t\t\t\t\t<\/div>\n\t\t\t\t\t<\/div>\n\t\t<\/section>\n\t\t\t\t<section class=\"elementor-section elementor-top-section elementor-element elementor-element-55ee037 elementor-section-full_width elementor-section-height-default elementor-section-height-default\" data-id=\"55ee037\" data-element_type=\"section\" data-settings=\"{&quot;background_background&quot;:&quot;classic&quot;}\">\n\t\t\t\t\t\t<div class=\"elementor-container elementor-column-gap-default\">\n\t\t\t\t\t\t\t<div class=\"elementor-row\">\n\t\t\t\t\t<div class=\"elementor-column elementor-col-25 elementor-top-column elementor-element elementor-element-6c3cd22\" data-id=\"6c3cd22\" data-element_type=\"column\">\n\t\t\t<div class=\"elementor-column-wrap elementor-element-populated\">\n\t\t\t\t\t\t\t<div class=\"elementor-widget-wrap\">\n\t\t\t\t\t\t<div class=\"elementor-element elementor-element-e4ba6fb elementor-widget elementor-widget-image\" data-id=\"e4ba6fb\" data-element_type=\"widget\" data-widget_type=\"image.default\">\n\t\t\t\t<div class=\"elementor-widget-container\">\n\t\t\t\t\t<div class=\"elementor-image\">\n\t\t\t\t\t\t\t<figure class=\"wp-caption\">\n\t\t\t\t\t\t\t\t\t\t\t<a href=\"https:\/\/pannoniaparketta.hu\/mardegan\/wp-content\/uploads\/2020\/11\/VANILLA.jpg\" data-elementor-open-lightbox=\"yes\" data-elementor-lightbox-title=\"VANILLA\">\n\t\t\t\t\t\t\t<img width=\"128\" height=\"300\" src=\"https:\/\/pannoniaparketta.hu\/mardegan\/wp-content\/uploads\/2020\/11\/VANILLA-128x300.jpg\" class=\"attachment-medium size-medium\" alt=\"\" loading=\"lazy\" srcset=\"https:\/\/pannoniaparketta.hu\/mardegan\/wp-content\/uploads\/2020\/11\/VANILLA-128x300.jpg 128w, https:\/\/pannoniaparketta.hu\/mardegan\/wp-content\/uploads\/2020\/11\/VANILLA-438x1024.jpg 438w, https:\/\/pannoniaparketta.hu\/mardegan\/wp-content\/uploads\/2020\/11\/VANILLA-768x1796.jpg 768w, https:\/\/pannoniaparketta.hu\/mardegan\/wp-content\/uploads\/2020\/11\/VANILLA-657x1536.jpg 657w, https:\/\/pannoniaparketta.hu\/mardegan\/wp-content\/uploads\/2020\/11\/VANILLA.jpg 821w\" sizes=\"(max-width: 128px) 100vw, 128px\" \/>\t\t\t\t\t\t\t\t<\/a>\n\t\t\t\t\t\t\t\t\t\t\t<figcaption class=\"widget-image-caption wp-caption-text\">VANILLA<\/figcaption>\n\t\t\t\t\t\t\t\t\t\t<\/figure>\n\t\t\t\t\t<\/div>\n\t\t\t\t<\/div>\n\t\t\t\t<\/div>\n\t\t\t\t\t\t<\/div>\n\t\t\t\t\t<\/div>\n\t\t<\/div>\n\t\t\t\t<div class=\"elementor-column elementor-col-25 elementor-top-column elementor-element elementor-element-18d88bd\" data-id=\"18d88bd\" data-element_type=\"column\">\n\t\t\t<div class=\"elementor-column-wrap elementor-element-populated\">\n\t\t\t\t\t\t\t<div class=\"elementor-widget-wrap\">\n\t\t\t\t\t\t<div class=\"elementor-element elementor-element-9abea45 elementor-widget elementor-widget-image\" data-id=\"9abea45\" data-element_type=\"widget\" data-widget_type=\"image.default\">\n\t\t\t\t<div class=\"elementor-widget-container\">\n\t\t\t\t\t<div class=\"elementor-image\">\n\t\t\t\t\t\t\t<figure class=\"wp-caption\">\n\t\t\t\t\t\t\t\t\t\t\t<a href=\"https:\/\/pannoniaparketta.hu\/mardegan\/wp-content\/uploads\/2020\/11\/JOY.jpg\" data-elementor-open-lightbox=\"yes\" data-elementor-lightbox-title=\"JOY\">\n\t\t\t\t\t\t\t<img width=\"128\" height=\"300\" src=\"https:\/\/pannoniaparketta.hu\/mardegan\/wp-content\/uploads\/2020\/11\/JOY-128x300.jpg\" class=\"attachment-medium size-medium\" alt=\"\" loading=\"lazy\" srcset=\"https:\/\/pannoniaparketta.hu\/mardegan\/wp-content\/uploads\/2020\/11\/JOY-128x300.jpg 128w, https:\/\/pannoniaparketta.hu\/mardegan\/wp-content\/uploads\/2020\/11\/JOY-438x1024.jpg 438w, https:\/\/pannoniaparketta.hu\/mardegan\/wp-content\/uploads\/2020\/11\/JOY-768x1796.jpg 768w, https:\/\/pannoniaparketta.hu\/mardegan\/wp-content\/uploads\/2020\/11\/JOY-657x1536.jpg 657w, https:\/\/pannoniaparketta.hu\/mardegan\/wp-content\/uploads\/2020\/11\/JOY.jpg 821w\" sizes=\"(max-width: 128px) 100vw, 128px\" \/>\t\t\t\t\t\t\t\t<\/a>\n\t\t\t\t\t\t\t\t\t\t\t<figcaption class=\"widget-image-caption wp-caption-text\">JOY<\/figcaption>\n\t\t\t\t\t\t\t\t\t\t<\/figure>\n\t\t\t\t\t<\/div>\n\t\t\t\t<\/div>\n\t\t\t\t<\/div>\n\t\t\t\t\t\t<\/div>\n\t\t\t\t\t<\/div>\n\t\t<\/div>\n\t\t\t\t<div class=\"elementor-column elementor-col-25 elementor-top-column elementor-element elementor-element-4f74459\" data-id=\"4f74459\" data-element_type=\"column\">\n\t\t\t<div class=\"elementor-column-wrap elementor-element-populated\">\n\t\t\t\t\t\t\t<div class=\"elementor-widget-wrap\">\n\t\t\t\t\t\t<div class=\"elementor-element elementor-element-7cf0595 elementor-widget elementor-widget-image\" data-id=\"7cf0595\" data-element_type=\"widget\" data-widget_type=\"image.default\">\n\t\t\t\t<div class=\"elementor-widget-container\">\n\t\t\t\t\t<div class=\"elementor-image\">\n\t\t\t\t\t\t\t<figure class=\"wp-caption\">\n\t\t\t\t\t\t\t\t\t\t\t<a href=\"https:\/\/pannoniaparketta.hu\/mardegan\/wp-content\/uploads\/2020\/11\/IVORY.jpg\" data-elementor-open-lightbox=\"yes\" data-elementor-lightbox-title=\"IVORY\">\n\t\t\t\t\t\t\t<img width=\"128\" height=\"300\" src=\"https:\/\/pannoniaparketta.hu\/mardegan\/wp-content\/uploads\/2020\/11\/IVORY-128x300.jpg\" class=\"attachment-medium size-medium\" alt=\"\" loading=\"lazy\" srcset=\"https:\/\/pannoniaparketta.hu\/mardegan\/wp-content\/uploads\/2020\/11\/IVORY-128x300.jpg 128w, https:\/\/pannoniaparketta.hu\/mardegan\/wp-content\/uploads\/2020\/11\/IVORY-438x1024.jpg 438w, https:\/\/pannoniaparketta.hu\/mardegan\/wp-content\/uploads\/2020\/11\/IVORY-768x1796.jpg 768w, https:\/\/pannoniaparketta.hu\/mardegan\/wp-content\/uploads\/2020\/11\/IVORY-657x1536.jpg 657w, https:\/\/pannoniaparketta.hu\/mardegan\/wp-content\/uploads\/2020\/11\/IVORY.jpg 821w\" sizes=\"(max-width: 128px) 100vw, 128px\" \/>\t\t\t\t\t\t\t\t<\/a>\n\t\t\t\t\t\t\t\t\t\t\t<figcaption class=\"widget-image-caption wp-caption-text\">IVORY<\/figcaption>\n\t\t\t\t\t\t\t\t\t\t<\/figure>\n\t\t\t\t\t<\/div>\n\t\t\t\t<\/div>\n\t\t\t\t<\/div>\n\t\t\t\t\t\t<\/div>\n\t\t\t\t\t<\/div>\n\t\t<\/div>\n\t\t\t\t<div class=\"elementor-column elementor-col-25 elementor-top-column elementor-element elementor-element-a718871\" data-id=\"a718871\" data-element_type=\"column\">\n\t\t\t<div class=\"elementor-column-wrap elementor-element-populated\">\n\t\t\t\t\t\t\t<div class=\"elementor-widget-wrap\">\n\t\t\t\t\t\t<div class=\"elementor-element elementor-element-458b85f elementor-widget elementor-widget-image\" data-id=\"458b85f\" data-element_type=\"widget\" data-widget_type=\"image.default\">\n\t\t\t\t<div class=\"elementor-widget-container\">\n\t\t\t\t\t<div class=\"elementor-image\">\n\t\t\t\t\t\t\t<figure class=\"wp-caption\">\n\t\t\t\t\t\t\t\t\t\t\t<a href=\"https:\/\/pannoniaparketta.hu\/mardegan\/wp-content\/uploads\/2020\/11\/EMOTION.jpg\" data-elementor-open-lightbox=\"yes\" data-elementor-lightbox-title=\"EMOTION\">\n\t\t\t\t\t\t\t<img width=\"128\" height=\"300\" src=\"https:\/\/pannoniaparketta.hu\/mardegan\/wp-content\/uploads\/2020\/11\/EMOTION-128x300.jpg\" class=\"attachment-medium size-medium\" alt=\"\" loading=\"lazy\" srcset=\"https:\/\/pannoniaparketta.hu\/mardegan\/wp-content\/uploads\/2020\/11\/EMOTION-128x300.jpg 128w, https:\/\/pannoniaparketta.hu\/mardegan\/wp-content\/uploads\/2020\/11\/EMOTION-438x1024.jpg 438w, https:\/\/pannoniaparketta.hu\/mardegan\/wp-content\/uploads\/2020\/11\/EMOTION-768x1796.jpg 768w, https:\/\/pannoniaparketta.hu\/mardegan\/wp-content\/uploads\/2020\/11\/EMOTION-657x1536.jpg 657w, https:\/\/pannoniaparketta.hu\/mardegan\/wp-content\/uploads\/2020\/11\/EMOTION.jpg 821w\" sizes=\"(max-width: 128px) 100vw, 128px\" \/>\t\t\t\t\t\t\t\t<\/a>\n\t\t\t\t\t\t\t\t\t\t\t<figcaption class=\"widget-image-caption wp-caption-text\">EMOTION<\/figcaption>\n\t\t\t\t\t\t\t\t\t\t<\/figure>\n\t\t\t\t\t<\/div>\n\t\t\t\t<\/div>\n\t\t\t\t<\/div>\n\t\t\t\t\t\t<\/div>\n\t\t\t\t\t<\/div>\n\t\t<\/div>\n\t\t\t\t\t\t\t\t<\/div>\n\t\t\t\t\t<\/div>\n\t\t<\/section>\n\t\t\t\t<section class=\"elementor-section elementor-top-section elementor-element elementor-element-1d02594 elementor-section-full_width elementor-section-height-default elementor-section-height-default\" data-id=\"1d02594\" data-element_type=\"section\">\n\t\t\t\t\t\t<div class=\"elementor-container elementor-column-gap-default\">\n\t\t\t\t\t\t\t<div class=\"elementor-row\">\n\t\t\t\t\t<div class=\"elementor-column elementor-col-25 elementor-top-column elementor-element elementor-element-094d26a\" data-id=\"094d26a\" data-element_type=\"column\">\n\t\t\t<div class=\"elementor-column-wrap elementor-element-populated\">\n\t\t\t\t\t\t\t<div class=\"elementor-widget-wrap\">\n\t\t\t\t\t\t<div class=\"elementor-element elementor-element-495747b elementor-widget elementor-widget-image\" data-id=\"495747b\" data-element_type=\"widget\" data-widget_type=\"image.default\">\n\t\t\t\t<div class=\"elementor-widget-container\">\n\t\t\t\t\t<div class=\"elementor-image\">\n\t\t\t\t\t\t\t<figure class=\"wp-caption\">\n\t\t\t\t\t\t\t\t\t\t\t<a href=\"https:\/\/pannoniaparketta.hu\/mardegan\/wp-content\/uploads\/2020\/11\/DELIGHT.jpg\" data-elementor-open-lightbox=\"yes\" data-elementor-lightbox-title=\"DELIGHT\">\n\t\t\t\t\t\t\t<img width=\"128\" height=\"300\" src=\"https:\/\/pannoniaparketta.hu\/mardegan\/wp-content\/uploads\/2020\/11\/DELIGHT-128x300.jpg\" class=\"attachment-medium size-medium\" alt=\"\" loading=\"lazy\" srcset=\"https:\/\/pannoniaparketta.hu\/mardegan\/wp-content\/uploads\/2020\/11\/DELIGHT-128x300.jpg 128w, https:\/\/pannoniaparketta.hu\/mardegan\/wp-content\/uploads\/2020\/11\/DELIGHT-438x1024.jpg 438w, https:\/\/pannoniaparketta.hu\/mardegan\/wp-content\/uploads\/2020\/11\/DELIGHT-768x1796.jpg 768w, https:\/\/pannoniaparketta.hu\/mardegan\/wp-content\/uploads\/2020\/11\/DELIGHT-657x1536.jpg 657w, https:\/\/pannoniaparketta.hu\/mardegan\/wp-content\/uploads\/2020\/11\/DELIGHT.jpg 821w\" sizes=\"(max-width: 128px) 100vw, 128px\" \/>\t\t\t\t\t\t\t\t<\/a>\n\t\t\t\t\t\t\t\t\t\t\t<figcaption class=\"widget-image-caption wp-caption-text\">DELIGHT<\/figcaption>\n\t\t\t\t\t\t\t\t\t\t<\/figure>\n\t\t\t\t\t<\/div>\n\t\t\t\t<\/div>\n\t\t\t\t<\/div>\n\t\t\t\t\t\t<\/div>\n\t\t\t\t\t<\/div>\n\t\t<\/div>\n\t\t\t\t<div class=\"elementor-column elementor-col-25 elementor-top-column elementor-element elementor-element-a039902\" data-id=\"a039902\" data-element_type=\"column\">\n\t\t\t<div class=\"elementor-column-wrap elementor-element-populated\">\n\t\t\t\t\t\t\t<div class=\"elementor-widget-wrap\">\n\t\t\t\t\t\t<div class=\"elementor-element elementor-element-56e216e elementor-widget elementor-widget-image\" data-id=\"56e216e\" data-element_type=\"widget\" data-widget_type=\"image.default\">\n\t\t\t\t<div class=\"elementor-widget-container\">\n\t\t\t\t\t<div class=\"elementor-image\">\n\t\t\t\t\t\t\t<figure class=\"wp-caption\">\n\t\t\t\t\t\t\t\t\t\t\t<a href=\"https:\/\/pannoniaparketta.hu\/mardegan\/wp-content\/uploads\/2020\/11\/CINNAMON.jpg\" data-elementor-open-lightbox=\"yes\" data-elementor-lightbox-title=\"CINNAMON\">\n\t\t\t\t\t\t\t<img width=\"128\" height=\"300\" src=\"https:\/\/pannoniaparketta.hu\/mardegan\/wp-content\/uploads\/2020\/11\/CINNAMON-128x300.jpg\" class=\"attachment-medium size-medium\" alt=\"\" loading=\"lazy\" srcset=\"https:\/\/pannoniaparketta.hu\/mardegan\/wp-content\/uploads\/2020\/11\/CINNAMON-128x300.jpg 128w, https:\/\/pannoniaparketta.hu\/mardegan\/wp-content\/uploads\/2020\/11\/CINNAMON-438x1024.jpg 438w, https:\/\/pannoniaparketta.hu\/mardegan\/wp-content\/uploads\/2020\/11\/CINNAMON-768x1796.jpg 768w, https:\/\/pannoniaparketta.hu\/mardegan\/wp-content\/uploads\/2020\/11\/CINNAMON-657x1536.jpg 657w, https:\/\/pannoniaparketta.hu\/mardegan\/wp-content\/uploads\/2020\/11\/CINNAMON.jpg 821w\" sizes=\"(max-width: 128px) 100vw, 128px\" \/>\t\t\t\t\t\t\t\t<\/a>\n\t\t\t\t\t\t\t\t\t\t\t<figcaption class=\"widget-image-caption wp-caption-text\">CINNAMON<\/figcaption>\n\t\t\t\t\t\t\t\t\t\t<\/figure>\n\t\t\t\t\t<\/div>\n\t\t\t\t<\/div>\n\t\t\t\t<\/div>\n\t\t\t\t\t\t<\/div>\n\t\t\t\t\t<\/div>\n\t\t<\/div>\n\t\t\t\t<div class=\"elementor-column elementor-col-25 elementor-top-column elementor-element elementor-element-8ea9884\" data-id=\"8ea9884\" data-element_type=\"column\">\n\t\t\t<div class=\"elementor-column-wrap elementor-element-populated\">\n\t\t\t\t\t\t\t<div class=\"elementor-widget-wrap\">\n\t\t\t\t\t\t<div class=\"elementor-element elementor-element-0a9e12f elementor-widget elementor-widget-image\" data-id=\"0a9e12f\" data-element_type=\"widget\" data-widget_type=\"image.default\">\n\t\t\t\t<div class=\"elementor-widget-container\">\n\t\t\t\t\t<div class=\"elementor-image\">\n\t\t\t\t\t\t\t<figure class=\"wp-caption\">\n\t\t\t\t\t\t\t\t\t\t\t<a href=\"https:\/\/pannoniaparketta.hu\/mardegan\/wp-content\/uploads\/2020\/11\/CHOCOLATE.jpg\" data-elementor-open-lightbox=\"yes\" data-elementor-lightbox-title=\"CHOCOLATE\">\n\t\t\t\t\t\t\t<img width=\"128\" height=\"300\" src=\"https:\/\/pannoniaparketta.hu\/mardegan\/wp-content\/uploads\/2020\/11\/CHOCOLATE-128x300.jpg\" class=\"attachment-medium size-medium\" alt=\"\" loading=\"lazy\" srcset=\"https:\/\/pannoniaparketta.hu\/mardegan\/wp-content\/uploads\/2020\/11\/CHOCOLATE-128x300.jpg 128w, https:\/\/pannoniaparketta.hu\/mardegan\/wp-content\/uploads\/2020\/11\/CHOCOLATE-438x1024.jpg 438w, https:\/\/pannoniaparketta.hu\/mardegan\/wp-content\/uploads\/2020\/11\/CHOCOLATE-768x1796.jpg 768w, https:\/\/pannoniaparketta.hu\/mardegan\/wp-content\/uploads\/2020\/11\/CHOCOLATE-657x1536.jpg 657w, https:\/\/pannoniaparketta.hu\/mardegan\/wp-content\/uploads\/2020\/11\/CHOCOLATE.jpg 821w\" sizes=\"(max-width: 128px) 100vw, 128px\" \/>\t\t\t\t\t\t\t\t<\/a>\n\t\t\t\t\t\t\t\t\t\t\t<figcaption class=\"widget-image-caption wp-caption-text\">CHOCOLATE<\/figcaption>\n\t\t\t\t\t\t\t\t\t\t<\/figure>\n\t\t\t\t\t<\/div>\n\t\t\t\t<\/div>\n\t\t\t\t<\/div>\n\t\t\t\t\t\t<\/div>\n\t\t\t\t\t<\/div>\n\t\t<\/div>\n\t\t\t\t<div class=\"elementor-column elementor-col-25 elementor-top-column elementor-element elementor-element-83f0935\" data-id=\"83f0935\" data-element_type=\"column\">\n\t\t\t<div class=\"elementor-column-wrap elementor-element-populated\">\n\t\t\t\t\t\t\t<div class=\"elementor-widget-wrap\">\n\t\t\t\t\t\t<div class=\"elementor-element elementor-element-c415ca1 elementor-widget elementor-widget-image\" data-id=\"c415ca1\" data-element_type=\"widget\" data-widget_type=\"image.default\">\n\t\t\t\t<div class=\"elementor-widget-container\">\n\t\t\t\t\t<div class=\"elementor-image\">\n\t\t\t\t\t\t\t<figure class=\"wp-caption\">\n\t\t\t\t\t\t\t\t\t\t\t<a href=\"https:\/\/pannoniaparketta.hu\/mardegan\/wp-content\/uploads\/2020\/11\/AMBER.jpg\" data-elementor-open-lightbox=\"yes\" data-elementor-lightbox-title=\"AMBER\">\n\t\t\t\t\t\t\t<img width=\"128\" height=\"300\" src=\"https:\/\/pannoniaparketta.hu\/mardegan\/wp-content\/uploads\/2020\/11\/AMBER-128x300.jpg\" class=\"attachment-medium size-medium\" alt=\"AMBER\" loading=\"lazy\" srcset=\"https:\/\/pannoniaparketta.hu\/mardegan\/wp-content\/uploads\/2020\/11\/AMBER-128x300.jpg 128w, https:\/\/pannoniaparketta.hu\/mardegan\/wp-content\/uploads\/2020\/11\/AMBER-438x1024.jpg 438w, https:\/\/pannoniaparketta.hu\/mardegan\/wp-content\/uploads\/2020\/11\/AMBER-768x1796.jpg 768w, https:\/\/pannoniaparketta.hu\/mardegan\/wp-content\/uploads\/2020\/11\/AMBER-657x1536.jpg 657w, https:\/\/pannoniaparketta.hu\/mardegan\/wp-content\/uploads\/2020\/11\/AMBER.jpg 821w\" sizes=\"(max-width: 128px) 100vw, 128px\" \/>\t\t\t\t\t\t\t\t<\/a>\n\t\t\t\t\t\t\t\t\t\t\t<figcaption class=\"widget-image-caption wp-caption-text\">AMBER<\/figcaption>\n\t\t\t\t\t\t\t\t\t\t<\/figure>\n\t\t\t\t\t<\/div>\n\t\t\t\t<\/div>\n\t\t\t\t<\/div>\n\t\t\t\t\t\t<\/div>\n\t\t\t\t\t<\/div>\n\t\t<\/div>\n\t\t\t\t\t\t\t\t<\/div>\n\t\t\t\t\t<\/div>\n\t\t<\/section>\n\t\t\t\t<section class=\"elementor-section elementor-top-section elementor-element elementor-element-866d22f elementor-section-full_width elementor-section-height-default elementor-section-height-default\" data-id=\"866d22f\" data-element_type=\"section\">\n\t\t\t\t\t\t<div class=\"elementor-container elementor-column-gap-default\">\n\t\t\t\t\t\t\t<div class=\"elementor-row\">\n\t\t\t\t\t<div class=\"elementor-column elementor-col-100 elementor-top-column elementor-element elementor-element-6819d4f\" data-id=\"6819d4f\" data-element_type=\"column\">\n\t\t\t<div class=\"elementor-column-wrap elementor-element-populated\">\n\t\t\t\t\t\t\t<div class=\"elementor-widget-wrap\">\n\t\t\t\t\t\t<div class=\"elementor-element elementor-element-bbd7557 elementor-widget elementor-widget-gallery\" data-id=\"bbd7557\" data-element_type=\"widget\" data-settings=\"{&quot;columns&quot;:3,&quot;columns_tablet&quot;:3,&quot;columns_mobile&quot;:3,&quot;gap&quot;:{&quot;unit&quot;:&quot;px&quot;,&quot;size&quot;:11,&quot;sizes&quot;:[]},&quot;aspect_ratio&quot;:&quot;9:16&quot;,&quot;lazyload&quot;:&quot;yes&quot;,&quot;gallery_layout&quot;:&quot;grid&quot;,&quot;gap_tablet&quot;:{&quot;unit&quot;:&quot;px&quot;,&quot;size&quot;:10,&quot;sizes&quot;:[]},&quot;gap_mobile&quot;:{&quot;unit&quot;:&quot;px&quot;,&quot;size&quot;:10,&quot;sizes&quot;:[]},&quot;overlay_background&quot;:&quot;yes&quot;,&quot;content_hover_animation&quot;:&quot;fade-in&quot;}\" data-widget_type=\"gallery.default\">\n\t\t\t\t<div class=\"elementor-widget-container\">\n\t\t\t\t\t<div class=\"elementor-gallery__container\">\n\t\t\t\t\t\t\t<div class=\"e-gallery-item elementor-gallery-item elementor-animated-content\">\n\t\t\t\t\t<div class=\"e-gallery-image elementor-gallery-item__image\" data-thumbnail=\"https:\/\/pannoniaparketta.hu\/mardegan\/wp-content\/uploads\/2020\/11\/Harmony__Nature_08_DSC3969.jpg\" data-width=\"1080\" data-height=\"1618\" alt=\"\" ><\/div>\n\t\t\t\t\t\t\t\t\t\t<div class=\"elementor-gallery-item__overlay\"><\/div>\n\t\t\t\t\t\t\t\t\t\t\t\t\t\t<\/div>\n\t\t\t\t\t\t\t<div class=\"e-gallery-item elementor-gallery-item elementor-animated-content\">\n\t\t\t\t\t<div class=\"e-gallery-image elementor-gallery-item__image\" data-thumbnail=\"https:\/\/pannoniaparketta.hu\/mardegan\/wp-content\/uploads\/2020\/11\/Harmony__Nature_06_DSC3953.jpg\" data-width=\"1080\" data-height=\"1618\" alt=\"\" ><\/div>\n\t\t\t\t\t\t\t\t\t\t<div class=\"elementor-gallery-item__overlay\"><\/div>\n\t\t\t\t\t\t\t\t\t\t\t\t\t\t<\/div>\n\t\t\t\t\t\t\t<div class=\"e-gallery-item elementor-gallery-item elementor-animated-content\">\n\t\t\t\t\t<div class=\"e-gallery-image elementor-gallery-item__image\" data-thumbnail=\"https:\/\/pannoniaparketta.hu\/mardegan\/wp-content\/uploads\/2020\/11\/Harmony__Nature_03_DSC3944.jpg\" data-width=\"1080\" data-height=\"1618\" alt=\"\" ><\/div>\n\t\t\t\t\t\t\t\t\t\t<div class=\"elementor-gallery-item__overlay\"><\/div>\n\t\t\t\t\t\t\t\t\t\t\t\t\t\t<\/div>\n\t\t\t\t\t<\/div>\n\t\t\t<\/div>\n\t\t\t\t<\/div>\n\t\t\t\t\t\t<\/div>\n\t\t\t\t\t<\/div>\n\t\t<\/div>\n\t\t\t\t\t\t\t\t<\/div>\n\t\t\t\t\t<\/div>\n\t\t<\/section>\n\t\t\t\t\t\t<\/div>\n\t\t\t\t\t\t<\/div>\n\t\t\t\t\t<\/div>\n\t\t","protected":false},"excerpt":{"rendered":"<p>HARMONY &#038; NATURE 8 sz\u00edn VANILLA JOY IVORY EMOTION DELIGHT CINNAMON CHOCOLATE AMBER<\/p>\n","protected":false},"author":1,"featured_media":0,"parent":363,"menu_order":0,"comment_status":"closed","ping_status":"closed","template":"","meta":[],"yoast_head":"<!-- This site is optimized with the Yoast SEO plugin v16.0.2 - https:\/\/yoast.com\/wordpress\/plugins\/seo\/ -->\n<title>HARMONY &amp; NATURE - Mardegan Legno<\/title>\n<link rel=\"canonical\" href=\"https:\/\/pannoniaparketta.hu\/mardegan\/kollekciok\/harmony-nature\/\" \/>\n<meta property=\"og:locale\" content=\"hu_HU\" \/>\n<meta property=\"og:type\" content=\"article\" \/>\n<meta property=\"og:title\" content=\"HARMONY &amp; NATURE - Mardegan Legno\" \/>\n<meta property=\"og:description\" content=\"HARMONY &#038; NATURE 8 sz\u00edn VANILLA JOY IVORY EMOTION DELIGHT CINNAMON CHOCOLATE AMBER\" \/>\n<meta property=\"og:url\" content=\"https:\/\/pannoniaparketta.hu\/mardegan\/kollekciok\/harmony-nature\/\" \/>\n<meta property=\"og:site_name\" content=\"Mardegan Legno\" \/>\n<meta property=\"article:modified_time\" content=\"2021-07-26T09:55:05+00:00\" \/>\n<meta property=\"og:image\" content=\"https:\/\/pannoniaparketta.hu\/mardegan\/wp-content\/uploads\/2020\/11\/VANILLA-128x300.jpg\" \/>\n<meta name=\"twitter:card\" content=\"summary_large_image\" \/>\n<meta name=\"twitter:label1\" content=\"Becs\u00fclt olvas\u00e1si id\u0151\">\n\t<meta name=\"twitter:data1\" content=\"2 perc\">\n<script type=\"application\/ld+json\" class=\"yoast-schema-graph\">{\"@context\":\"https:\/\/schema.org\",\"@graph\":[{\"@type\":\"WebSite\",\"@id\":\"https:\/\/pannoniaparketta.hu\/mardegan\/#website\",\"url\":\"https:\/\/pannoniaparketta.hu\/mardegan\/\",\"name\":\"Mardegan Legno\",\"description\":\"Pannonia Parketta\",\"potentialAction\":[{\"@type\":\"SearchAction\",\"target\":\"https:\/\/pannoniaparketta.hu\/mardegan\/?s={search_term_string}\",\"query-input\":\"required name=search_term_string\"}],\"inLanguage\":\"hu\"},{\"@type\":\"ImageObject\",\"@id\":\"https:\/\/pannoniaparketta.hu\/mardegan\/kollekciok\/harmony-nature\/#primaryimage\",\"inLanguage\":\"hu\",\"url\":\"https:\/\/pannoniaparketta.hu\/mardegan\/wp-content\/uploads\/2020\/11\/VANILLA.jpg\",\"width\":821,\"height\":1920,\"caption\":\"VANILLA\"},{\"@type\":\"WebPage\",\"@id\":\"https:\/\/pannoniaparketta.hu\/mardegan\/kollekciok\/harmony-nature\/#webpage\",\"url\":\"https:\/\/pannoniaparketta.hu\/mardegan\/kollekciok\/harmony-nature\/\",\"name\":\"HARMONY & NATURE - Mardegan Legno\",\"isPartOf\":{\"@id\":\"https:\/\/pannoniaparketta.hu\/mardegan\/#website\"},\"primaryImageOfPage\":{\"@id\":\"https:\/\/pannoniaparketta.hu\/mardegan\/kollekciok\/harmony-nature\/#primaryimage\"},\"datePublished\":\"2020-11-24T19:17:28+00:00\",\"dateModified\":\"2021-07-26T09:55:05+00:00\",\"breadcrumb\":{\"@id\":\"https:\/\/pannoniaparketta.hu\/mardegan\/kollekciok\/harmony-nature\/#breadcrumb\"},\"inLanguage\":\"hu\",\"potentialAction\":[{\"@type\":\"ReadAction\",\"target\":[\"https:\/\/pannoniaparketta.hu\/mardegan\/kollekciok\/harmony-nature\/\"]}]},{\"@type\":\"BreadcrumbList\",\"@id\":\"https:\/\/pannoniaparketta.hu\/mardegan\/kollekciok\/harmony-nature\/#breadcrumb\",\"itemListElement\":[{\"@type\":\"ListItem\",\"position\":1,\"item\":{\"@type\":\"WebPage\",\"@id\":\"https:\/\/pannoniaparketta.hu\/mardegan\/\",\"url\":\"https:\/\/pannoniaparketta.hu\/mardegan\/\",\"name\":\"Home\"}},{\"@type\":\"ListItem\",\"position\":2,\"item\":{\"@type\":\"WebPage\",\"@id\":\"https:\/\/pannoniaparketta.hu\/mardegan\/kollekciok\/\",\"url\":\"https:\/\/pannoniaparketta.hu\/mardegan\/kollekciok\/\",\"name\":\"Kollekci\\u00f3k\"}},{\"@type\":\"ListItem\",\"position\":3,\"item\":{\"@type\":\"WebPage\",\"@id\":\"https:\/\/pannoniaparketta.hu\/mardegan\/kollekciok\/harmony-nature\/\",\"url\":\"https:\/\/pannoniaparketta.hu\/mardegan\/kollekciok\/harmony-nature\/\",\"name\":\"HARMONY &#038; NATURE\"}}]}]}<\/script>\n<!-- \/ Yoast SEO plugin. -->","_links":{"self":[{"href":"https:\/\/pannoniaparketta.hu\/mardegan\/wp-json\/wp\/v2\/pages\/1287"}],"collection":[{"href":"https:\/\/pannoniaparketta.hu\/mardegan\/wp-json\/wp\/v2\/pages"}],"about":[{"href":"https:\/\/pannoniaparketta.hu\/mardegan\/wp-json\/wp\/v2\/types\/page"}],"author":[{"embeddable":true,"href":"https:\/\/pannoniaparketta.hu\/mardegan\/wp-json\/wp\/v2\/users\/1"}],"replies":[{"embeddable":true,"href":"https:\/\/pannoniaparketta.hu\/mardegan\/wp-json\/wp\/v2\/comments?post=1287"}],"version-history":[{"count":12,"href":"https:\/\/pannoniaparketta.hu\/mardegan\/wp-json\/wp\/v2\/pages\/1287\/revisions"}],"predecessor-version":[{"id":2176,"href":"https:\/\/pannoniaparketta.hu\/mardegan\/wp-json\/wp\/v2\/pages\/1287\/revisions\/2176"}],"up":[{"embeddable":true,"href":"https:\/\/pannoniaparketta.hu\/mardegan\/wp-json\/wp\/v2\/pages\/363"}],"wp:attachment":[{"href":"https:\/\/pannoniaparketta.hu\/mardegan\/wp-json\/wp\/v2\/media?parent=1287"}],"curies":[{"name":"wp","href":"https:\/\/api.w.org\/{rel}","templated":true}]}}