{"id":1743,"date":"2020-12-02T19:14:04","date_gmt":"2020-12-02T19:14:04","guid":{"rendered":"https:\/\/pannoniaparketta.hu\/mardegan\/?page_id=1743"},"modified":"2021-03-29T18:34:19","modified_gmt":"2021-03-29T18:34:19","slug":"szinek","status":"publish","type":"page","link":"https:\/\/pannoniaparketta.hu\/mardegan\/szinek\/","title":{"rendered":"Sz\u00ednek\u200b"},"content":{"rendered":"\t\t<div data-elementor-type=\"wp-page\" data-elementor-id=\"1743\" class=\"elementor elementor-1743\" data-elementor-settings=\"[]\">\n\t\t\t\t\t\t<div class=\"elementor-inner\">\n\t\t\t\t\t\t\t<div class=\"elementor-section-wrap\">\n\t\t\t\t\t\t\t<section class=\"elementor-section elementor-top-section elementor-element elementor-element-7654b20 elementor-section-height-min-height elementor-section-content-bottom elementor-section-items-bottom elementor-section-boxed elementor-section-height-default\" data-id=\"7654b20\" data-element_type=\"section\" data-settings=\"{&quot;background_background&quot;:&quot;classic&quot;}\">\n\t\t\t\t\t\t\t<div class=\"elementor-background-overlay\"><\/div>\n\t\t\t\t\t\t\t<div class=\"elementor-container elementor-column-gap-no\">\n\t\t\t\t\t\t\t<div class=\"elementor-row\">\n\t\t\t\t\t<div class=\"elementor-column elementor-col-100 elementor-top-column elementor-element elementor-element-84ecc6e\" data-id=\"84ecc6e\" data-element_type=\"column\">\n\t\t\t<div class=\"elementor-column-wrap elementor-element-populated\">\n\t\t\t\t\t\t\t<div class=\"elementor-widget-wrap\">\n\t\t\t\t\t\t<div class=\"elementor-element elementor-element-6b189d5 elementor-widget elementor-widget-heading\" data-id=\"6b189d5\" data-element_type=\"widget\" data-widget_type=\"heading.default\">\n\t\t\t\t<div class=\"elementor-widget-container\">\n\t\t\t<h1 class=\"elementor-heading-title elementor-size-default\">Sz\u00ednek<\/h1>\t\t<\/div>\n\t\t\t\t<\/div>\n\t\t\t\t\t\t<\/div>\n\t\t\t\t\t<\/div>\n\t\t<\/div>\n\t\t\t\t\t\t\t\t<\/div>\n\t\t\t\t\t<\/div>\n\t\t<\/section>\n\t\t\t\t<section class=\"elementor-section elementor-top-section elementor-element elementor-element-add0515 elementor-section-boxed elementor-section-height-default elementor-section-height-default\" data-id=\"add0515\" data-element_type=\"section\" data-settings=\"{&quot;background_background&quot;:&quot;classic&quot;}\">\n\t\t\t\t\t\t<div class=\"elementor-container elementor-column-gap-no\">\n\t\t\t\t\t\t\t<div class=\"elementor-row\">\n\t\t\t\t\t<div class=\"elementor-column elementor-col-100 elementor-top-column elementor-element elementor-element-2a09f1b\" data-id=\"2a09f1b\" data-element_type=\"column\">\n\t\t\t<div class=\"elementor-column-wrap\">\n\t\t\t\t\t\t\t<div class=\"elementor-widget-wrap\">\n\t\t\t\t\t\t\t\t<\/div>\n\t\t\t\t\t<\/div>\n\t\t<\/div>\n\t\t\t\t\t\t\t\t<\/div>\n\t\t\t\t\t<\/div>\n\t\t<\/section>\n\t\t\t\t<section class=\"elementor-section elementor-top-section elementor-element elementor-element-b30fb77 elementor-section-boxed elementor-section-height-default elementor-section-height-default\" data-id=\"b30fb77\" data-element_type=\"section\">\n\t\t\t\t\t\t<div class=\"elementor-container elementor-column-gap-default\">\n\t\t\t\t\t\t\t<div class=\"elementor-row\">\n\t\t\t\t\t<div class=\"elementor-column elementor-col-100 elementor-top-column elementor-element elementor-element-b3f4a3a\" data-id=\"b3f4a3a\" data-element_type=\"column\">\n\t\t\t<div class=\"elementor-column-wrap elementor-element-populated\">\n\t\t\t\t\t\t\t<div class=\"elementor-widget-wrap\">\n\t\t\t\t\t\t<div class=\"elementor-element elementor-element-d1c93b6 elementor-position-left elementor-vertical-align-top elementor-widget elementor-widget-image-box\" data-id=\"d1c93b6\" data-element_type=\"widget\" data-widget_type=\"image-box.default\">\n\t\t\t\t<div class=\"elementor-widget-container\">\n\t\t\t<div class=\"elementor-image-box-wrapper\"><figure class=\"elementor-image-box-img\"><img width=\"1333\" height=\"2000\" src=\"https:\/\/pannoniaparketta.hu\/mardegan\/wp-content\/uploads\/2020\/12\/350_DSC7261.jpg\" class=\"attachment-full size-full\" alt=\"\" loading=\"lazy\" srcset=\"https:\/\/pannoniaparketta.hu\/mardegan\/wp-content\/uploads\/2020\/12\/350_DSC7261.jpg 1333w, https:\/\/pannoniaparketta.hu\/mardegan\/wp-content\/uploads\/2020\/12\/350_DSC7261-200x300.jpg 200w, https:\/\/pannoniaparketta.hu\/mardegan\/wp-content\/uploads\/2020\/12\/350_DSC7261-682x1024.jpg 682w, https:\/\/pannoniaparketta.hu\/mardegan\/wp-content\/uploads\/2020\/12\/350_DSC7261-768x1152.jpg 768w, https:\/\/pannoniaparketta.hu\/mardegan\/wp-content\/uploads\/2020\/12\/350_DSC7261-1024x1536.jpg 1024w\" sizes=\"(max-width: 1333px) 100vw, 1333px\" \/><\/figure><div class=\"elementor-image-box-content\"><h3 class=\"elementor-image-box-title\">120+ SZ\u00cdN<\/h3><p class=\"elementor-image-box-description\">A parkett\u00e1k sz\u00ednei Giuseppe Mardegan apr\u00f3l\u00e9kos kutat\u00e1si folyamat\u00e1nak eredm\u00e9nyei. A k\u00e9zm\u0171ves mesterek kezei minden egyes \u00e1rnyalatot egyediv\u00e9 tesznek, \u00edgy ezek a sz\u00ednek mechanikusan nem reproduk\u00e1lhat\u00f3ak. \n<\/p><\/div><\/div>\t\t<\/div>\n\t\t\t\t<\/div>\n\t\t\t\t\t\t<\/div>\n\t\t\t\t\t<\/div>\n\t\t<\/div>\n\t\t\t\t\t\t\t\t<\/div>\n\t\t\t\t\t<\/div>\n\t\t<\/section>\n\t\t\t\t<section class=\"elementor-section elementor-top-section elementor-element elementor-element-5856a52 elementor-section-boxed elementor-section-height-default elementor-section-height-default\" data-id=\"5856a52\" data-element_type=\"section\">\n\t\t\t\t\t\t<div class=\"elementor-container elementor-column-gap-default\">\n\t\t\t\t\t\t\t<div class=\"elementor-row\">\n\t\t\t\t\t<div class=\"elementor-column elementor-col-100 elementor-top-column elementor-element elementor-element-d9f64e9\" data-id=\"d9f64e9\" data-element_type=\"column\">\n\t\t\t<div class=\"elementor-column-wrap elementor-element-populated\">\n\t\t\t\t\t\t\t<div class=\"elementor-widget-wrap\">\n\t\t\t\t\t\t<div class=\"elementor-element elementor-element-2d361b5 elementor-position-right elementor-vertical-align-top elementor-widget elementor-widget-image-box\" data-id=\"2d361b5\" data-element_type=\"widget\" data-widget_type=\"image-box.default\">\n\t\t\t\t<div class=\"elementor-widget-container\">\n\t\t\t<div class=\"elementor-image-box-wrapper\"><figure class=\"elementor-image-box-img\"><img width=\"1333\" height=\"2000\" src=\"https:\/\/pannoniaparketta.hu\/mardegan\/wp-content\/uploads\/2020\/12\/381_DSC7635.jpg\" class=\"attachment-full size-full\" alt=\"\" loading=\"lazy\" srcset=\"https:\/\/pannoniaparketta.hu\/mardegan\/wp-content\/uploads\/2020\/12\/381_DSC7635.jpg 1333w, https:\/\/pannoniaparketta.hu\/mardegan\/wp-content\/uploads\/2020\/12\/381_DSC7635-200x300.jpg 200w, https:\/\/pannoniaparketta.hu\/mardegan\/wp-content\/uploads\/2020\/12\/381_DSC7635-682x1024.jpg 682w, https:\/\/pannoniaparketta.hu\/mardegan\/wp-content\/uploads\/2020\/12\/381_DSC7635-768x1152.jpg 768w, https:\/\/pannoniaparketta.hu\/mardegan\/wp-content\/uploads\/2020\/12\/381_DSC7635-1024x1536.jpg 1024w\" sizes=\"(max-width: 1333px) 100vw, 1333px\" \/><\/figure><div class=\"elementor-image-box-content\"><h3 class=\"elementor-image-box-title\">A SZ\u00cdNEZ\u00c9S<\/h3><p class=\"elementor-image-box-description\">Az \u00e1rnyalatokat \u00fagy kapjuk meg, hogy manu\u00e1lisan alkalmazzuk a k\u00fcl\u00f6nf\u00e9le sz\u00edneket az parketta fel\u00fcletein. Az \u00f6sszes l\u00e9p\u00e9st szak\u00e9rt\u0151ink k\u00f6zvetlen\u00fcl k\u00e9zzel hajtj\u00e1k v\u00e9gre, \u00e9s a kompresszoros fest\u00e9si technik\u00e1t, az ecsetet vagy a rongyot haszn\u00e1lj\u00e1k. Tiszt\u00e1ban vagyunk azzal, hogy az egyes sz\u00ednek k\u00e9zzel t\u00f6rt\u00e9n\u0151 l\u00e9trehoz\u00e1sa azt jelenti, hogy minden fel\u00fclet egyediv\u00e9 \u00e9s megism\u00e9telhetetlenn\u00e9 v\u00e1lik. <\/p><\/div><\/div>\t\t<\/div>\n\t\t\t\t<\/div>\n\t\t\t\t\t\t<\/div>\n\t\t\t\t\t<\/div>\n\t\t<\/div>\n\t\t\t\t\t\t\t\t<\/div>\n\t\t\t\t\t<\/div>\n\t\t<\/section>\n\t\t\t\t<section class=\"elementor-section elementor-top-section elementor-element elementor-element-63c27a3 elementor-section-boxed elementor-section-height-default elementor-section-height-default\" data-id=\"63c27a3\" data-element_type=\"section\">\n\t\t\t\t\t\t<div class=\"elementor-container elementor-column-gap-default\">\n\t\t\t\t\t\t\t<div class=\"elementor-row\">\n\t\t\t\t\t<div class=\"elementor-column elementor-col-100 elementor-top-column elementor-element elementor-element-2ef81b5\" data-id=\"2ef81b5\" data-element_type=\"column\">\n\t\t\t<div class=\"elementor-column-wrap elementor-element-populated\">\n\t\t\t\t\t\t\t<div class=\"elementor-widget-wrap\">\n\t\t\t\t\t\t<div class=\"elementor-element elementor-element-7b289e6 elementor-position-left elementor-vertical-align-top elementor-widget elementor-widget-image-box\" data-id=\"7b289e6\" data-element_type=\"widget\" data-widget_type=\"image-box.default\">\n\t\t\t\t<div class=\"elementor-widget-container\">\n\t\t\t<div class=\"elementor-image-box-wrapper\"><figure class=\"elementor-image-box-img\"><img width=\"1333\" height=\"2000\" src=\"https:\/\/pannoniaparketta.hu\/mardegan\/wp-content\/uploads\/2020\/12\/372_DSC7601.jpg\" class=\"attachment-full size-full\" alt=\"\" loading=\"lazy\" srcset=\"https:\/\/pannoniaparketta.hu\/mardegan\/wp-content\/uploads\/2020\/12\/372_DSC7601.jpg 1333w, https:\/\/pannoniaparketta.hu\/mardegan\/wp-content\/uploads\/2020\/12\/372_DSC7601-200x300.jpg 200w, https:\/\/pannoniaparketta.hu\/mardegan\/wp-content\/uploads\/2020\/12\/372_DSC7601-682x1024.jpg 682w, https:\/\/pannoniaparketta.hu\/mardegan\/wp-content\/uploads\/2020\/12\/372_DSC7601-768x1152.jpg 768w, https:\/\/pannoniaparketta.hu\/mardegan\/wp-content\/uploads\/2020\/12\/372_DSC7601-1024x1536.jpg 1024w\" sizes=\"(max-width: 1333px) 100vw, 1333px\" \/><\/figure><div class=\"elementor-image-box-content\"><h3 class=\"elementor-image-box-title\">FEL\u00dcLETV\u00c9DELEM<\/h3><p class=\"elementor-image-box-description\">J\u00e1rjon nyugodtan mez\u00edtl\u00e1b otthon\u00e1ban, \u00e9s \u00e9rezze mag\u00e1t k\u00e9nyelmesen. Filoz\u00f3fi\u00e1nknak megfelel\u0151en nem toxikus kezel\u00e9sek mellett d\u00f6nt\u00f6tt\u00fcnk, tiszteletben tartva a f\u00e1t \u00e9s a k\u00f6r\u00fcl\u00f6tte \u00e9l\u0151ket.\n<\/p><\/div><\/div>\t\t<\/div>\n\t\t\t\t<\/div>\n\t\t\t\t\t\t<\/div>\n\t\t\t\t\t<\/div>\n\t\t<\/div>\n\t\t\t\t\t\t\t\t<\/div>\n\t\t\t\t\t<\/div>\n\t\t<\/section>\n\t\t\t\t<section class=\"elementor-section elementor-top-section elementor-element elementor-element-be77b14 elementor-section-boxed elementor-section-height-default elementor-section-height-default\" data-id=\"be77b14\" data-element_type=\"section\">\n\t\t\t\t\t\t<div class=\"elementor-container elementor-column-gap-default\">\n\t\t\t\t\t\t\t<div class=\"elementor-row\">\n\t\t\t\t\t<div class=\"elementor-column elementor-col-100 elementor-top-column elementor-element elementor-element-2874bb0\" data-id=\"2874bb0\" data-element_type=\"column\">\n\t\t\t<div class=\"elementor-column-wrap elementor-element-populated\">\n\t\t\t\t\t\t\t<div class=\"elementor-widget-wrap\">\n\t\t\t\t\t\t<div class=\"elementor-element elementor-element-91c10c0 elementor-position-right elementor-vertical-align-top elementor-widget elementor-widget-image-box\" data-id=\"91c10c0\" data-element_type=\"widget\" data-widget_type=\"image-box.default\">\n\t\t\t\t<div class=\"elementor-widget-container\">\n\t\t\t<div class=\"elementor-image-box-wrapper\"><figure class=\"elementor-image-box-img\"><img width=\"1333\" height=\"2000\" src=\"https:\/\/pannoniaparketta.hu\/mardegan\/wp-content\/uploads\/2020\/12\/349_DSC7247.jpg\" class=\"attachment-full size-full\" alt=\"\" loading=\"lazy\" srcset=\"https:\/\/pannoniaparketta.hu\/mardegan\/wp-content\/uploads\/2020\/12\/349_DSC7247.jpg 1333w, https:\/\/pannoniaparketta.hu\/mardegan\/wp-content\/uploads\/2020\/12\/349_DSC7247-200x300.jpg 200w, https:\/\/pannoniaparketta.hu\/mardegan\/wp-content\/uploads\/2020\/12\/349_DSC7247-682x1024.jpg 682w, https:\/\/pannoniaparketta.hu\/mardegan\/wp-content\/uploads\/2020\/12\/349_DSC7247-768x1152.jpg 768w, https:\/\/pannoniaparketta.hu\/mardegan\/wp-content\/uploads\/2020\/12\/349_DSC7247-1024x1536.jpg 1024w\" sizes=\"(max-width: 1333px) 100vw, 1333px\" \/><\/figure><div class=\"elementor-image-box-content\"><h3 class=\"elementor-image-box-title\">UV SZ\u00c1R\u00cdTOTT LAKK<\/h3><p class=\"elementor-image-box-description\">Ez az a v\u00e9d\u0151kezel\u00e9s, amelyet kiz\u00e1r\u00f3lag olyan lakkal hajtanak v\u00e9gre, amely id\u0151vel nem v\u00e1ltoztatja meg a padl\u00f3 tulajdons\u00e1gait, sz\u00edn\u00e9t, valamint ellen\u00e1ll\u00e1s\u00e1t.<\/p><\/div><\/div>\t\t<\/div>\n\t\t\t\t<\/div>\n\t\t\t\t\t\t<\/div>\n\t\t\t\t\t<\/div>\n\t\t<\/div>\n\t\t\t\t\t\t\t\t<\/div>\n\t\t\t\t\t<\/div>\n\t\t<\/section>\n\t\t\t\t<section class=\"elementor-section elementor-top-section elementor-element elementor-element-e7cded4 elementor-section-boxed elementor-section-height-default elementor-section-height-default\" data-id=\"e7cded4\" data-element_type=\"section\">\n\t\t\t\t\t\t<div class=\"elementor-container elementor-column-gap-default\">\n\t\t\t\t\t\t\t<div class=\"elementor-row\">\n\t\t\t\t\t<div class=\"elementor-column elementor-col-100 elementor-top-column elementor-element elementor-element-94516ec\" data-id=\"94516ec\" data-element_type=\"column\">\n\t\t\t<div class=\"elementor-column-wrap elementor-element-populated\">\n\t\t\t\t\t\t\t<div class=\"elementor-widget-wrap\">\n\t\t\t\t\t\t<div class=\"elementor-element elementor-element-98f4d7d elementor-align-justify elementor-widget elementor-widget-button\" data-id=\"98f4d7d\" data-element_type=\"widget\" data-widget_type=\"button.default\">\n\t\t\t\t<div class=\"elementor-widget-container\">\n\t\t\t\t\t<div class=\"elementor-button-wrapper\">\n\t\t\t<a href=\"https:\/\/pannoniaparketta.hu\/mardegan\/kollekciok\/\" class=\"elementor-button-link elementor-button elementor-size-sm\" role=\"button\">\n\t\t\t\t\t\t<span class=\"elementor-button-content-wrapper\">\n\t\t\t\t\t\t<span class=\"elementor-button-icon elementor-align-icon-left\">\n\t\t\t\t<i aria-hidden=\"true\" class=\"fas fa-table\"><\/i>\t\t\t<\/span>\n\t\t\t\t\t\t<span class=\"elementor-button-text\">N\u00e9zZE Meg a Kollekci\u00f3kat<\/span>\n\t\t<\/span>\n\t\t\t\t\t<\/a>\n\t\t<\/div>\n\t\t\t\t<\/div>\n\t\t\t\t<\/div>\n\t\t\t\t\t\t<\/div>\n\t\t\t\t\t<\/div>\n\t\t<\/div>\n\t\t\t\t\t\t\t\t<\/div>\n\t\t\t\t\t<\/div>\n\t\t<\/section>\n\t\t\t\t\t\t<\/div>\n\t\t\t\t\t\t<\/div>\n\t\t\t\t\t<\/div>\n\t\t","protected":false},"excerpt":{"rendered":"<p>Sz\u00ednek 120+ SZ\u00cdN A parkett\u00e1k sz\u00ednei Giuseppe Mardegan apr\u00f3l\u00e9kos kutat\u00e1si folyamat\u00e1nak eredm\u00e9nyei. A k\u00e9zm\u0171ves mesterek kezei minden egyes \u00e1rnyalatot egyediv\u00e9 tesznek, \u00edgy ezek a sz\u00ednek mechanikusan nem reproduk\u00e1lhat\u00f3ak. A SZ\u00cdNEZ\u00c9S Az \u00e1rnyalatokat \u00fagy kapjuk meg, hogy manu\u00e1lisan alkalmazzuk a k\u00fcl\u00f6nf\u00e9le sz\u00edneket az parketta fel\u00fcletein. Az \u00f6sszes l\u00e9p\u00e9st szak\u00e9rt\u0151ink k\u00f6zvetlen\u00fcl k\u00e9zzel hajtj\u00e1k v\u00e9gre, \u00e9s a kompresszoros &hellip;<\/p>\n<p class=\"read-more\"> <a class=\"\" href=\"https:\/\/pannoniaparketta.hu\/mardegan\/szinek\/\"> <span class=\"screen-reader-text\">Sz\u00ednek\u200b<\/span> Read More &raquo;<\/a><\/p>\n","protected":false},"author":1,"featured_media":0,"parent":0,"menu_order":0,"comment_status":"closed","ping_status":"closed","template":"","meta":[],"yoast_head":"<!-- This site is optimized with the Yoast SEO plugin v16.0.2 - https:\/\/yoast.com\/wordpress\/plugins\/seo\/ -->\n<title>Sz\u00ednek\u200b - Mardegan Legno<\/title>\n<link rel=\"canonical\" href=\"https:\/\/pannoniaparketta.hu\/mardegan\/szinek\/\" \/>\n<meta property=\"og:locale\" content=\"hu_HU\" \/>\n<meta property=\"og:type\" content=\"article\" \/>\n<meta property=\"og:title\" content=\"Sz\u00ednek\u200b - Mardegan Legno\" \/>\n<meta property=\"og:description\" content=\"Sz\u00ednek 120+ SZ\u00cdN A parkett\u00e1k sz\u00ednei Giuseppe Mardegan apr\u00f3l\u00e9kos kutat\u00e1si folyamat\u00e1nak eredm\u00e9nyei. A k\u00e9zm\u0171ves mesterek kezei minden egyes \u00e1rnyalatot egyediv\u00e9 tesznek, \u00edgy ezek a sz\u00ednek mechanikusan nem reproduk\u00e1lhat\u00f3ak. A SZ\u00cdNEZ\u00c9S Az \u00e1rnyalatokat \u00fagy kapjuk meg, hogy manu\u00e1lisan alkalmazzuk a k\u00fcl\u00f6nf\u00e9le sz\u00edneket az parketta fel\u00fcletein. Az \u00f6sszes l\u00e9p\u00e9st szak\u00e9rt\u0151ink k\u00f6zvetlen\u00fcl k\u00e9zzel hajtj\u00e1k v\u00e9gre, \u00e9s a kompresszoros &hellip; Sz\u00ednek\u200b Read More &raquo;\" \/>\n<meta property=\"og:url\" content=\"https:\/\/pannoniaparketta.hu\/mardegan\/szinek\/\" \/>\n<meta property=\"og:site_name\" content=\"Mardegan Legno\" \/>\n<meta property=\"article:modified_time\" content=\"2021-03-29T18:34:19+00:00\" \/>\n<meta property=\"og:image\" content=\"https:\/\/pannoniaparketta.hu\/mardegan\/wp-content\/uploads\/2020\/12\/350_DSC7261.jpg\" \/>\n<meta name=\"twitter:card\" content=\"summary_large_image\" \/>\n<meta name=\"twitter:label1\" content=\"Becs\u00fclt olvas\u00e1si id\u0151\">\n\t<meta name=\"twitter:data1\" content=\"2 perc\">\n<script type=\"application\/ld+json\" class=\"yoast-schema-graph\">{\"@context\":\"https:\/\/schema.org\",\"@graph\":[{\"@type\":\"WebSite\",\"@id\":\"https:\/\/pannoniaparketta.hu\/mardegan\/#website\",\"url\":\"https:\/\/pannoniaparketta.hu\/mardegan\/\",\"name\":\"Mardegan Legno\",\"description\":\"Pannonia Parketta\",\"potentialAction\":[{\"@type\":\"SearchAction\",\"target\":\"https:\/\/pannoniaparketta.hu\/mardegan\/?s={search_term_string}\",\"query-input\":\"required name=search_term_string\"}],\"inLanguage\":\"hu\"},{\"@type\":\"ImageObject\",\"@id\":\"https:\/\/pannoniaparketta.hu\/mardegan\/szinek\/#primaryimage\",\"inLanguage\":\"hu\",\"url\":\"https:\/\/pannoniaparketta.hu\/mardegan\/wp-content\/uploads\/2020\/12\/350_DSC7261.jpg\",\"width\":1333,\"height\":2000},{\"@type\":\"WebPage\",\"@id\":\"https:\/\/pannoniaparketta.hu\/mardegan\/szinek\/#webpage\",\"url\":\"https:\/\/pannoniaparketta.hu\/mardegan\/szinek\/\",\"name\":\"Sz\\u00ednek\\u200b - Mardegan Legno\",\"isPartOf\":{\"@id\":\"https:\/\/pannoniaparketta.hu\/mardegan\/#website\"},\"primaryImageOfPage\":{\"@id\":\"https:\/\/pannoniaparketta.hu\/mardegan\/szinek\/#primaryimage\"},\"datePublished\":\"2020-12-02T19:14:04+00:00\",\"dateModified\":\"2021-03-29T18:34:19+00:00\",\"breadcrumb\":{\"@id\":\"https:\/\/pannoniaparketta.hu\/mardegan\/szinek\/#breadcrumb\"},\"inLanguage\":\"hu\",\"potentialAction\":[{\"@type\":\"ReadAction\",\"target\":[\"https:\/\/pannoniaparketta.hu\/mardegan\/szinek\/\"]}]},{\"@type\":\"BreadcrumbList\",\"@id\":\"https:\/\/pannoniaparketta.hu\/mardegan\/szinek\/#breadcrumb\",\"itemListElement\":[{\"@type\":\"ListItem\",\"position\":1,\"item\":{\"@type\":\"WebPage\",\"@id\":\"https:\/\/pannoniaparketta.hu\/mardegan\/\",\"url\":\"https:\/\/pannoniaparketta.hu\/mardegan\/\",\"name\":\"Home\"}},{\"@type\":\"ListItem\",\"position\":2,\"item\":{\"@type\":\"WebPage\",\"@id\":\"https:\/\/pannoniaparketta.hu\/mardegan\/szinek\/\",\"url\":\"https:\/\/pannoniaparketta.hu\/mardegan\/szinek\/\",\"name\":\"Sz\\u00ednek\\u200b\"}}]}]}<\/script>\n<!-- \/ Yoast SEO plugin. -->","_links":{"self":[{"href":"https:\/\/pannoniaparketta.hu\/mardegan\/wp-json\/wp\/v2\/pages\/1743"}],"collection":[{"href":"https:\/\/pannoniaparketta.hu\/mardegan\/wp-json\/wp\/v2\/pages"}],"about":[{"href":"https:\/\/pannoniaparketta.hu\/mardegan\/wp-json\/wp\/v2\/types\/page"}],"author":[{"embeddable":true,"href":"https:\/\/pannoniaparketta.hu\/mardegan\/wp-json\/wp\/v2\/users\/1"}],"replies":[{"embeddable":true,"href":"https:\/\/pannoniaparketta.hu\/mardegan\/wp-json\/wp\/v2\/comments?post=1743"}],"version-history":[{"count":40,"href":"https:\/\/pannoniaparketta.hu\/mardegan\/wp-json\/wp\/v2\/pages\/1743\/revisions"}],"predecessor-version":[{"id":2074,"href":"https:\/\/pannoniaparketta.hu\/mardegan\/wp-json\/wp\/v2\/pages\/1743\/revisions\/2074"}],"wp:attachment":[{"href":"https:\/\/pannoniaparketta.hu\/mardegan\/wp-json\/wp\/v2\/media?parent=1743"}],"curies":[{"name":"wp","href":"https:\/\/api.w.org\/{rel}","templated":true}]}}